{"id":2612,"date":"2023-01-24T08:38:00","date_gmt":"2023-01-24T07:38:00","guid":{"rendered":"https:\/\/v2.cubeconcepts.de\/?page_id=2612"},"modified":"2025-09-02T08:33:41","modified_gmt":"2025-09-02T06:33:41","slug":"mentions-legales","status":"publish","type":"page","link":"https:\/\/cubeconcepts.de\/fr\/impressum\/","title":{"rendered":"Mentions l\u00e9gales"},"content":{"rendered":"<div data-elementor-type=\"wp-page\" data-elementor-id=\"2612\" class=\"elementor elementor-2612\" data-elementor-post-type=\"page\">\n\t\t\t\t\t\t<section class=\"elementor-section elementor-top-section elementor-element elementor-element-359df1cb elementor-section-boxed elementor-section-height-default elementor-section-height-default\" data-id=\"359df1cb\" data-element_type=\"section\" data-e-type=\"section\">\n\t\t\t\t\t\t<div class=\"elementor-container elementor-column-gap-default\">\n\t\t\t\t\t<div class=\"elementor-column elementor-col-100 elementor-top-column elementor-element elementor-element-1d656959\" data-id=\"1d656959\" data-element_type=\"column\" data-e-type=\"column\">\n\t\t\t<div class=\"elementor-widget-wrap elementor-element-populated\">\n\t\t\t\t\t\t<div class=\"elementor-element elementor-element-3c7aaa0a elementor-widget elementor-widget-spacer\" data-id=\"3c7aaa0a\" data-element_type=\"widget\" data-e-type=\"widget\" data-widget_type=\"spacer.default\">\n\t\t\t\t<div class=\"elementor-widget-container\">\n\t\t\t\t\t\t\t<div class=\"elementor-spacer\">\n\t\t\t<div class=\"elementor-spacer-inner\"><\/div>\n\t\t<\/div>\n\t\t\t\t\t\t<\/div>\n\t\t\t\t<\/div>\n\t\t\t\t\t<\/div>\n\t\t<\/div>\n\t\t\t\t\t<\/div>\n\t\t<\/section>\n\t\t\t\t<section class=\"elementor-section elementor-top-section elementor-element elementor-element-bbcd3e7 elementor-section-boxed elementor-section-height-default elementor-section-height-default\" data-id=\"bbcd3e7\" data-element_type=\"section\" data-e-type=\"section\">\n\t\t\t\t\t\t<div class=\"elementor-container elementor-column-gap-no\">\n\t\t\t\t\t<div class=\"elementor-column elementor-col-100 elementor-top-column elementor-element elementor-element-6f1e475\" data-id=\"6f1e475\" data-element_type=\"column\" data-e-type=\"column\">\n\t\t\t<div class=\"elementor-widget-wrap elementor-element-populated\">\n\t\t\t\t\t\t<div class=\"elementor-element elementor-element-eb3c857 elementor-widget elementor-widget-html\" data-id=\"eb3c857\" data-element_type=\"widget\" data-e-type=\"widget\" data-widget_type=\"html.default\">\n\t\t\t\t<div class=\"elementor-widget-container\">\n\t\t\t\t\t<h1>Mentions l\u00e9gales<\/h1>\n\n<h2>Informations selon \u00a7 5 TMG<\/h2>\n<p><b>Cube Concepts GmbH - Solutions \u00e9nerg\u00e9tiques innovantes<\/b><br \/>\nAu pont de G\u00fcmpge 17<br \/>\n41564 Kaarst<\/p>\n\n<p>Registre du commerce : HRB 21242<br \/>\nTribunal d'enregistrement : Tribunal d'instance de Neuss<\/p>\n\n<p><strong>Repr\u00e9sent\u00e9 par :<\/strong><br \/>\nChristine Sch\u00e4fer und J\u00fcrgen Brink<\/p>\n<\/p>\n\n\n<h2>Contact<\/h2>\n<p>T\u00e9l\u00e9phone : +49 (0) 2131 20522-0<br \/>\nCourrier \u00e9lectronique : info@cubeconcepts.de<\/p>\n\n<h2>Num\u00e9ro d'identification de la taxe sur le chiffre d'affaires<\/h2>\n<p>Num\u00e9ro d'identification de la taxe sur le chiffre d'affaires conform\u00e9ment au \u00a7 27 a de la loi sur la taxe sur le chiffre d'affaires :<br \/>\nDE331715713<\/p>\n\n<h2>Informations sur l'assurance responsabilit\u00e9 civile professionnelle<\/h2>\n<p><strong>Nom et si\u00e8ge de l'assureur :<\/strong><br \/>\nRepr\u00e9sentation g\u00e9n\u00e9rale Geser et Schmid OHG<br \/>\nKaufbeurener Stra\u00dfe 22<br \/>\n87616 Marktobersdorf<br \/>\n <br \/>\nAllianz Versicherungs-Aktiengesellschaft (soci\u00e9t\u00e9 anonyme d'assurance)<br \/>\n10900 Berlin<\/p>\n<p><strong>Champ d'application de l'assurance :<\/strong><br \/>Allemagne<\/p>\n\n<h2>Responsable de la r\u00e9daction<\/h2>\n<p>Christine Sch\u00e4fer \/ J\u00fcrgen Brink<\/p>\n\n<h2>R\u00e8glement des litiges de l'UE<\/h2>\n<p>La Commission europ\u00e9enne met \u00e0 disposition une plateforme de r\u00e8glement en ligne des litiges (RLL) : <a href=\"https:\/\/ec.europa.eu\/consumers\/odr\/\" target=\"_blank\" rel=\"noopener noreferrer\">https:\/\/ec.europa.eu\/consumers\/odr\/<\/a>.<br \/> Vous trouverez notre adresse e-mail en haut dans les mentions l\u00e9gales.<\/p>\n\n<h2>R\u00e8glement des litiges de consommation\/organe universel de conciliation<\/h2>\n<p>Nous ne sommes pas pr\u00eats ou oblig\u00e9s de participer \u00e0 des proc\u00e9dures de r\u00e8glement des litiges devant un organisme de conciliation des consommateurs.<\/p>\t\t\t\t<\/div>\n\t\t\t\t<\/div>\n\t\t\t\t\t<\/div>\n\t\t<\/div>\n\t\t\t\t\t<\/div>\n\t\t<\/section>\n\t\t\t\t<section class=\"elementor-section elementor-top-section elementor-element elementor-element-460f51c2 elementor-section-boxed elementor-section-height-default elementor-section-height-default\" data-id=\"460f51c2\" data-element_type=\"section\" data-e-type=\"section\">\n\t\t\t\t\t\t<div class=\"elementor-container elementor-column-gap-no\">\n\t\t\t\t\t<div class=\"elementor-column elementor-col-100 elementor-top-column elementor-element elementor-element-d506a7c\" data-id=\"d506a7c\" data-element_type=\"column\" data-e-type=\"column\">\n\t\t\t<div class=\"elementor-widget-wrap elementor-element-populated\">\n\t\t\t\t\t\t<div class=\"elementor-element elementor-element-724c1443 elementor-widget elementor-widget-spacer\" data-id=\"724c1443\" data-element_type=\"widget\" data-e-type=\"widget\" data-widget_type=\"spacer.default\">\n\t\t\t\t<div class=\"elementor-widget-container\">\n\t\t\t\t\t\t\t<div class=\"elementor-spacer\">\n\t\t\t<div class=\"elementor-spacer-inner\"><\/div>\n\t\t<\/div>\n\t\t\t\t\t\t<\/div>\n\t\t\t\t<\/div>\n\t\t\t\t<div class=\"elementor-element elementor-element-3c7988f elementor-widget-divider--view-line elementor-widget elementor-widget-divider\" data-id=\"3c7988f\" data-element_type=\"widget\" data-e-type=\"widget\" data-widget_type=\"divider.default\">\n\t\t\t\t<div class=\"elementor-widget-container\">\n\t\t\t\t\t\t\t<div class=\"elementor-divider\">\n\t\t\t<span class=\"elementor-divider-separator\">\n\t\t\t\t\t\t<\/span>\n\t\t<\/div>\n\t\t\t\t\t\t<\/div>\n\t\t\t\t<\/div>\n\t\t\t\t\t<\/div>\n\t\t<\/div>\n\t\t\t\t\t<\/div>\n\t\t<\/section>\n\t\t\t\t<section class=\"elementor-section elementor-top-section elementor-element elementor-element-a5105bc elementor-section-boxed elementor-section-height-default elementor-section-height-default\" data-id=\"a5105bc\" data-element_type=\"section\" data-e-type=\"section\">\n\t\t\t\t\t\t<div class=\"elementor-container elementor-column-gap-no\">\n\t\t\t\t\t<div class=\"elementor-column elementor-col-100 elementor-top-column elementor-element elementor-element-10659f5\" data-id=\"10659f5\" data-element_type=\"column\" data-e-type=\"column\">\n\t\t\t<div class=\"elementor-widget-wrap elementor-element-populated\">\n\t\t\t\t\t\t<div class=\"elementor-element elementor-element-bc67aed elementor-widget elementor-widget-html\" data-id=\"bc67aed\" data-element_type=\"widget\" data-e-type=\"widget\" data-widget_type=\"html.default\">\n\t\t\t\t<div class=\"elementor-widget-container\">\n\t\t\t\t\t<!-- M.Cruz Webdesign -->\n<style>\n    .cruz_logo{\n        margin-top:         40px;\n        height:             65px;\n        width:              auto; \n    }\n    .cruz_font{\n        font-family:        Helvetica, Arial, sans-serif;\n        line-height:        1.2;\n        color:              #1f1f1d;\n    }\n    .cruz_designed-by{\n        display:            block;\n        font-size:          16px;\n        margin-top:         20px;\n        font-weight:        400;\n    }\n    .cruz_mcruz-webdesign{\n        display:            block;\n        font-size:          32px;\n        font-weight:        700;\n        margin-bottom:      10px;\n    }\n    .cruz_visit-on{\n        font-size:          14px;\n        font-weight:        400;\n    }\n    .cruz_link{\n        font-size:          14px;\n        font-weight:        400;\n        text-decoration:    none;\n        color:              #00BFFF;\n    }\n    .cruz_link:link{\n        font-size:          12px;\n        font-weight:        400;\n        text-decoration:    none;\n        color:              #00BFFF;\n    }\n    .cruz_link:hover{\n        color:              #00BFFF;\n        text-decoration:    underline;\n    }\n    .cruz_link:visited{\n        color:              #00BFFF;\n        text-decoration:    none;\n    }\n<\/style>\n\n<a href=\"https:\/\/m-cruz.de\"><img decoding=\"async\" class=\"cruz_logo\" src=\"https:\/\/cubeconcepts.de\/wp-content\/uploads\/2023\/01\/m-cruz_badge.png\"><\/a>\n<span class=\"cruz_designed-by cruz_font\">Con\u00e7u par<\/span>\n<span class=\"cruz_mcruz-webdesign cruz_font\">M.Cruz Conception de sites web<\/span>\n<span class=\"cruz_visit-on cruz_font\">visit modern webdesign on : <\/span><a class=\"cruz_link cruz_font\" href=\"https:\/\/m-cruz.de\">m-cruz.de<\/a>\t\t\t\t<\/div>\n\t\t\t\t<\/div>\n\t\t\t\t\t<\/div>\n\t\t<\/div>\n\t\t\t\t\t<\/div>\n\t\t<\/section>\n\t\t\t\t<\/div>","protected":false},"excerpt":{"rendered":"<p>Impressum Angaben gem\u00e4\u00df \u00a7 5 TMG Cube Concepts GmbH &#8211; Innovative Energiel\u00f6sungen An der G\u00fcmpgesbr\u00fccke 17 41564 Kaarst Handelsregister: HRB 21242 Registergericht: Amtsgericht Neuss Vertreten durch: Christine Sch\u00e4fer und J\u00fcrgen Brink Kontakt Telefon: +49 (0) 2131 20522-0 E-Mail: info@cubeconcepts.de Umsatzsteuer-ID Umsatzsteuer-Identifikationsnummer gem\u00e4\u00df \u00a7 27 a Umsatzsteuergesetz: DE331715713 Angaben zur Berufs\u00adhaftpflicht\u00adversicherung Name und Sitz des Versicherers: [&hellip;]<\/p>\n","protected":false},"author":131,"featured_media":0,"parent":0,"menu_order":0,"comment_status":"closed","ping_status":"closed","template":"","meta":{"_acf_changed":false,"footnotes":""},"class_list":["post-2612","page","type-page","status-publish","hentry"],"acf":[],"yoast_head":"<!-- This site is optimized with the Yoast SEO plugin v27.4 - https:\/\/yoast.com\/product\/yoast-seo-wordpress\/ -->\n<title>Impressum | CUBE CONCEPTS<\/title>\n<meta name=\"description\" content=\"Hier finden Sie unser Impressum - Ihr Full-Service Partner f\u00fcr gewerbliche Photovoltaikanlagen &amp; Solarstrom.\" \/>\n<meta name=\"robots\" content=\"noindex, nofollow\" \/>\n<meta property=\"og:locale\" content=\"fr_FR\" \/>\n<meta property=\"og:type\" content=\"article\" \/>\n<meta property=\"og:title\" content=\"Impressum | CUBE CONCEPTS\" \/>\n<meta property=\"og:description\" content=\"Hier finden Sie unser Impressum - Ihr Full-Service Partner f\u00fcr gewerbliche Photovoltaikanlagen &amp; Solarstrom.\" \/>\n<meta property=\"og:url\" content=\"https:\/\/cubeconcepts.de\/fr\/mentions-legales\/\" \/>\n<meta property=\"og:site_name\" content=\"CUBE CONCEPTS\" \/>\n<meta property=\"article:modified_time\" content=\"2025-09-02T06:33:41+00:00\" \/>\n<meta property=\"og:image\" content=\"https:\/\/cubeconcepts.de\/wp-content\/uploads\/2023\/01\/m-cruz_badge.png\" \/>\n<meta name=\"twitter:card\" content=\"summary_large_image\" \/>\n<meta name=\"twitter:label1\" content=\"Dur\u00e9e de lecture estim\u00e9e\" \/>\n\t<meta name=\"twitter:data1\" content=\"1 minute\" \/>\n<script type=\"application\/ld+json\" class=\"yoast-schema-graph\">{\"@context\":\"https:\\\/\\\/schema.org\",\"@graph\":[{\"@type\":\"WebPage\",\"@id\":\"https:\\\/\\\/cubeconcepts.de\\\/impressum\\\/\",\"url\":\"https:\\\/\\\/cubeconcepts.de\\\/impressum\\\/\",\"name\":\"Impressum | CUBE CONCEPTS\",\"isPartOf\":{\"@id\":\"https:\\\/\\\/cubeconcepts.de\\\/#website\"},\"primaryImageOfPage\":{\"@id\":\"https:\\\/\\\/cubeconcepts.de\\\/impressum\\\/#primaryimage\"},\"image\":{\"@id\":\"https:\\\/\\\/cubeconcepts.de\\\/impressum\\\/#primaryimage\"},\"thumbnailUrl\":\"https:\\\/\\\/cubeconcepts.de\\\/wp-content\\\/uploads\\\/2023\\\/01\\\/m-cruz_badge.png\",\"datePublished\":\"2023-01-24T07:38:00+00:00\",\"dateModified\":\"2025-09-02T06:33:41+00:00\",\"description\":\"Hier finden Sie unser Impressum - Ihr Full-Service Partner f\u00fcr gewerbliche Photovoltaikanlagen & Solarstrom.\",\"breadcrumb\":{\"@id\":\"https:\\\/\\\/cubeconcepts.de\\\/impressum\\\/#breadcrumb\"},\"inLanguage\":\"fr-FR\",\"potentialAction\":[{\"@type\":\"ReadAction\",\"target\":[\"https:\\\/\\\/cubeconcepts.de\\\/impressum\\\/\"]}]},{\"@type\":\"ImageObject\",\"inLanguage\":\"fr-FR\",\"@id\":\"https:\\\/\\\/cubeconcepts.de\\\/impressum\\\/#primaryimage\",\"url\":\"https:\\\/\\\/cubeconcepts.de\\\/wp-content\\\/uploads\\\/2023\\\/01\\\/m-cruz_badge.png\",\"contentUrl\":\"https:\\\/\\\/cubeconcepts.de\\\/wp-content\\\/uploads\\\/2023\\\/01\\\/m-cruz_badge.png\"},{\"@type\":\"BreadcrumbList\",\"@id\":\"https:\\\/\\\/cubeconcepts.de\\\/impressum\\\/#breadcrumb\",\"itemListElement\":[{\"@type\":\"ListItem\",\"position\":1,\"name\":\"Startseite\",\"item\":\"https:\\\/\\\/cubeconcepts.de\\\/\"},{\"@type\":\"ListItem\",\"position\":2,\"name\":\"Impressum\"}]},{\"@type\":\"WebSite\",\"@id\":\"https:\\\/\\\/cubeconcepts.de\\\/#website\",\"url\":\"https:\\\/\\\/cubeconcepts.de\\\/\",\"name\":\"CUBE CONCEPTS\",\"description\":\"Ihr PV-Architekt &amp; Full-Service-Partner f\u00fcr\",\"publisher\":{\"@id\":\"https:\\\/\\\/cubeconcepts.de\\\/#organization\"},\"potentialAction\":[{\"@type\":\"SearchAction\",\"target\":{\"@type\":\"EntryPoint\",\"urlTemplate\":\"https:\\\/\\\/cubeconcepts.de\\\/?s={search_term_string}\"},\"query-input\":{\"@type\":\"PropertyValueSpecification\",\"valueRequired\":true,\"valueName\":\"search_term_string\"}}],\"inLanguage\":\"fr-FR\"},{\"@type\":\"Organization\",\"@id\":\"https:\\\/\\\/cubeconcepts.de\\\/#organization\",\"name\":\"CUBE CONCEPTS\",\"url\":\"https:\\\/\\\/cubeconcepts.de\\\/\",\"logo\":{\"@type\":\"ImageObject\",\"inLanguage\":\"fr-FR\",\"@id\":\"https:\\\/\\\/cubeconcepts.de\\\/#\\\/schema\\\/logo\\\/image\\\/\",\"url\":\"https:\\\/\\\/cubeconcepts.de\\\/wp-content\\\/uploads\\\/2023\\\/01\\\/CUBE_CONCEPT-Logo.png\",\"contentUrl\":\"https:\\\/\\\/cubeconcepts.de\\\/wp-content\\\/uploads\\\/2023\\\/01\\\/CUBE_CONCEPT-Logo.png\",\"width\":644,\"height\":207,\"caption\":\"CUBE CONCEPTS\"},\"image\":{\"@id\":\"https:\\\/\\\/cubeconcepts.de\\\/#\\\/schema\\\/logo\\\/image\\\/\"}}]}<\/script>\n<!-- \/ Yoast SEO plugin. -->","yoast_head_json":{"title":"Mentions l\u00e9gales | CUBE CONCEPTS","description":"Vous trouverez ici nos mentions l\u00e9gales - Votre partenaire de service complet pour les installations photovolta\u00efques commerciales &amp; l'\u00e9lectricit\u00e9 solaire.","robots":{"index":"noindex","follow":"nofollow"},"og_locale":"fr_FR","og_type":"article","og_title":"Impressum | CUBE CONCEPTS","og_description":"Hier finden Sie unser Impressum - Ihr Full-Service Partner f\u00fcr gewerbliche Photovoltaikanlagen & Solarstrom.","og_url":"https:\/\/cubeconcepts.de\/fr\/mentions-legales\/","og_site_name":"CUBE CONCEPTS","article_modified_time":"2025-09-02T06:33:41+00:00","og_image":[{"url":"https:\/\/cubeconcepts.de\/wp-content\/uploads\/2023\/01\/m-cruz_badge.png","type":"","width":"","height":""}],"twitter_card":"summary_large_image","twitter_misc":{"Dur\u00e9e de lecture estim\u00e9e":"1 minute"},"schema":{"@context":"https:\/\/schema.org","@graph":[{"@type":"WebPage","@id":"https:\/\/cubeconcepts.de\/impressum\/","url":"https:\/\/cubeconcepts.de\/impressum\/","name":"Mentions l\u00e9gales | CUBE CONCEPTS","isPartOf":{"@id":"https:\/\/cubeconcepts.de\/#website"},"primaryImageOfPage":{"@id":"https:\/\/cubeconcepts.de\/impressum\/#primaryimage"},"image":{"@id":"https:\/\/cubeconcepts.de\/impressum\/#primaryimage"},"thumbnailUrl":"https:\/\/cubeconcepts.de\/wp-content\/uploads\/2023\/01\/m-cruz_badge.png","datePublished":"2023-01-24T07:38:00+00:00","dateModified":"2025-09-02T06:33:41+00:00","description":"Vous trouverez ici nos mentions l\u00e9gales - Votre partenaire de service complet pour les installations photovolta\u00efques commerciales &amp; l'\u00e9lectricit\u00e9 solaire.","breadcrumb":{"@id":"https:\/\/cubeconcepts.de\/impressum\/#breadcrumb"},"inLanguage":"fr-FR","potentialAction":[{"@type":"ReadAction","target":["https:\/\/cubeconcepts.de\/impressum\/"]}]},{"@type":"ImageObject","inLanguage":"fr-FR","@id":"https:\/\/cubeconcepts.de\/impressum\/#primaryimage","url":"https:\/\/cubeconcepts.de\/wp-content\/uploads\/2023\/01\/m-cruz_badge.png","contentUrl":"https:\/\/cubeconcepts.de\/wp-content\/uploads\/2023\/01\/m-cruz_badge.png"},{"@type":"BreadcrumbList","@id":"https:\/\/cubeconcepts.de\/impressum\/#breadcrumb","itemListElement":[{"@type":"ListItem","position":1,"name":"Startseite","item":"https:\/\/cubeconcepts.de\/"},{"@type":"ListItem","position":2,"name":"Impressum"}]},{"@type":"WebSite","@id":"https:\/\/cubeconcepts.de\/#website","url":"https:\/\/cubeconcepts.de\/","name":"CUBE CONCEPTS","description":"Votre architecte PV &amp; partenaire de service complet pour","publisher":{"@id":"https:\/\/cubeconcepts.de\/#organization"},"potentialAction":[{"@type":"SearchAction","target":{"@type":"EntryPoint","urlTemplate":"https:\/\/cubeconcepts.de\/?s={search_term_string}"},"query-input":{"@type":"PropertyValueSpecification","valueRequired":true,"valueName":"search_term_string"}}],"inLanguage":"fr-FR"},{"@type":"Organization","@id":"https:\/\/cubeconcepts.de\/#organization","name":"CUBE CONCEPTS","url":"https:\/\/cubeconcepts.de\/","logo":{"@type":"ImageObject","inLanguage":"fr-FR","@id":"https:\/\/cubeconcepts.de\/#\/schema\/logo\/image\/","url":"https:\/\/cubeconcepts.de\/wp-content\/uploads\/2023\/01\/CUBE_CONCEPT-Logo.png","contentUrl":"https:\/\/cubeconcepts.de\/wp-content\/uploads\/2023\/01\/CUBE_CONCEPT-Logo.png","width":644,"height":207,"caption":"CUBE CONCEPTS"},"image":{"@id":"https:\/\/cubeconcepts.de\/#\/schema\/logo\/image\/"}}]}},"_links":{"self":[{"href":"https:\/\/cubeconcepts.de\/fr\/wp-json\/wp\/v2\/pages\/2612","targetHints":{"allow":["GET"]}}],"collection":[{"href":"https:\/\/cubeconcepts.de\/fr\/wp-json\/wp\/v2\/pages"}],"about":[{"href":"https:\/\/cubeconcepts.de\/fr\/wp-json\/wp\/v2\/types\/page"}],"author":[{"embeddable":true,"href":"https:\/\/cubeconcepts.de\/fr\/wp-json\/wp\/v2\/users\/131"}],"replies":[{"embeddable":true,"href":"https:\/\/cubeconcepts.de\/fr\/wp-json\/wp\/v2\/comments?post=2612"}],"version-history":[{"count":0,"href":"https:\/\/cubeconcepts.de\/fr\/wp-json\/wp\/v2\/pages\/2612\/revisions"}],"wp:attachment":[{"href":"https:\/\/cubeconcepts.de\/fr\/wp-json\/wp\/v2\/media?parent=2612"}],"curies":[{"name":"wp","href":"https:\/\/api.w.org\/{rel}","templated":true}]}}