{"id":25455,"date":"2025-10-30T12:39:53","date_gmt":"2025-10-30T11:39:53","guid":{"rendered":"https:\/\/cubeconcepts.de\/?page_id=25455"},"modified":"2025-10-30T12:42:16","modified_gmt":"2025-10-30T11:42:16","slug":"lp-danke-ticketbestellung","status":"publish","type":"page","link":"https:\/\/cubeconcepts.de\/fr\/lp-danke-ticketbestellung\/","title":{"rendered":"LP-Danke-Ticketbestellung"},"content":{"rendered":"<div data-elementor-type=\"wp-page\" data-elementor-id=\"25455\" class=\"elementor elementor-25455\" data-elementor-post-type=\"page\">\n\t\t\t\t\t\t<section class=\"elementor-section elementor-top-section elementor-element elementor-element-8e80771 elementor-section-boxed elementor-section-height-default elementor-section-height-default\" data-id=\"8e80771\" data-element_type=\"section\" data-e-type=\"section\">\n\t\t\t\t\t\t<div class=\"elementor-container elementor-column-gap-default\">\n\t\t\t\t\t<div class=\"elementor-column elementor-col-100 elementor-top-column elementor-element elementor-element-64d78ab\" data-id=\"64d78ab\" data-element_type=\"column\" data-e-type=\"column\">\n\t\t\t<div class=\"elementor-widget-wrap elementor-element-populated\">\n\t\t\t\t\t\t<div class=\"elementor-element elementor-element-431dcb5 elementor-widget elementor-widget-heading\" data-id=\"431dcb5\" data-element_type=\"widget\" data-e-type=\"widget\" data-widget_type=\"heading.default\">\n\t\t\t\t<div class=\"elementor-widget-container\">\n\t\t\t\t\t<h1 class=\"elementor-heading-title elementor-size-default\">Ihre Freikarte ist unterwegs!<\/h1>\t\t\t\t<\/div>\n\t\t\t\t<\/div>\n\t\t\t\t\t<\/div>\n\t\t<\/div>\n\t\t\t\t\t<\/div>\n\t\t<\/section>\n\t\t\t\t<section class=\"elementor-section elementor-top-section elementor-element elementor-element-dae7ee3 elementor-section-boxed elementor-section-height-default elementor-section-height-default\" data-id=\"dae7ee3\" data-element_type=\"section\" data-e-type=\"section\">\n\t\t\t\t\t\t<div class=\"elementor-container elementor-column-gap-default\">\n\t\t\t\t\t<div class=\"elementor-column elementor-col-100 elementor-top-column elementor-element elementor-element-fd706d9\" data-id=\"fd706d9\" data-element_type=\"column\" data-e-type=\"column\">\n\t\t\t<div class=\"elementor-widget-wrap elementor-element-populated\">\n\t\t\t\t\t\t<div class=\"elementor-element elementor-element-f9202db elementor-widget elementor-widget-text-editor\" data-id=\"f9202db\" data-element_type=\"widget\" data-e-type=\"widget\" data-widget_type=\"text-editor.default\">\n\t\t\t\t<div class=\"elementor-widget-container\">\n\t\t\t\t\t\t\t\t\t<p data-start=\"37\" data-end=\"209\">Danke f\u00fcr Ihr Interesse an der <strong data-start=\"68\" data-end=\"85\">Buildinx 2025<\/strong> und an unseren Energiel\u00f6sungen f\u00fcr Logistikstandorte.<br data-start=\"139\" data-end=\"142\" \/>In K\u00fcrze erhalten Sie Ihren Code f\u00fcr die kostenfreie Eintrittskarte per E-Mail.<\/p><p data-start=\"211\" data-end=\"463\">Wir freuen uns, Sie pers\u00f6nlich an unserem Stand (Halle 5 \/ 5.F04) zu treffen! Gemeinsam mit <strong data-start=\"305\" data-end=\"315\">COEBIZ<\/strong> zeigen wir, wie Sie mit PV-, Speicher- und Ladeinfrastruktur im Contracting <strong data-start=\"392\" data-end=\"419\" data-is-only-node=\"\">ohne eigene Investition<\/strong> Ihre Energieversorgung optimieren k\u00f6nnen.<\/p>\t\t\t\t\t\t\t\t<\/div>\n\t\t\t\t<\/div>\n\t\t\t\t\t<\/div>\n\t\t<\/div>\n\t\t\t\t\t<\/div>\n\t\t<\/section>\n\t\t<div class=\"elementor-element elementor-element-469c348 e-flex e-con-boxed e-con e-parent\" data-id=\"469c348\" data-element_type=\"container\" data-e-type=\"container\">\n\t\t\t\t\t<div class=\"e-con-inner\">\n\t\t\t\t<div class=\"elementor-element elementor-element-e4eced1 elementor-align-center elementor-widget elementor-widget-button\" data-id=\"e4eced1\" data-element_type=\"widget\" data-e-type=\"widget\" data-widget_type=\"button.default\">\n\t\t\t\t<div class=\"elementor-widget-container\">\n\t\t\t\t\t\t\t\t\t<div class=\"elementor-button-wrapper\">\n\t\t\t\t\t<a class=\"elementor-button elementor-button-link elementor-size-sm\" href=\"https:\/\/cubeconcepts.de\/fr\/\">\n\t\t\t\t\t\t<span class=\"elementor-button-content-wrapper\">\n\t\t\t\t\t\t\t\t\t<span class=\"elementor-button-text\">Entdecken Sie unser Portfolio<\/span>\n\t\t\t\t\t<\/span>\n\t\t\t\t\t<\/a>\n\t\t\t\t<\/div>\n\t\t\t\t\t\t\t\t<\/div>\n\t\t\t\t<\/div>\n\t\t\t\t\t<\/div>\n\t\t\t\t<\/div>\n\t\t\t\t<\/div>","protected":false},"excerpt":{"rendered":"<p>Ihre Freikarte ist unterwegs! Danke f\u00fcr Ihr Interesse an der Buildinx 2025 und an unseren Energiel\u00f6sungen f\u00fcr Logistikstandorte.In K\u00fcrze erhalten Sie Ihren Code f\u00fcr die kostenfreie Eintrittskarte per E-Mail. Wir freuen uns, Sie pers\u00f6nlich an unserem Stand (Halle 5 \/ 5.F04) zu treffen! Gemeinsam mit COEBIZ zeigen wir, wie Sie mit PV-, Speicher- und Ladeinfrastruktur [&hellip;]<\/p>\n","protected":false},"author":3,"featured_media":0,"parent":0,"menu_order":0,"comment_status":"closed","ping_status":"closed","template":"","meta":{"_acf_changed":false,"footnotes":""},"class_list":["post-25455","page","type-page","status-publish","hentry"],"acf":[],"yoast_head":"<!-- This site is optimized with the Yoast SEO plugin v27.4 - https:\/\/yoast.com\/product\/yoast-seo-wordpress\/ -->\n<title>LP-Danke-Ticketbestellung | CUBE CONCEPTS<\/title>\n<meta name=\"robots\" content=\"index, follow, max-snippet:-1, max-image-preview:large, max-video-preview:-1\" \/>\n<link rel=\"canonical\" href=\"https:\/\/cubeconcepts.de\/fr\/lp-danke-ticketbestellung\/\" \/>\n<meta property=\"og:locale\" content=\"fr_FR\" \/>\n<meta property=\"og:type\" content=\"article\" \/>\n<meta property=\"og:title\" content=\"LP-Danke-Ticketbestellung | CUBE CONCEPTS\" \/>\n<meta property=\"og:description\" content=\"Ihre Freikarte ist unterwegs! Danke f\u00fcr Ihr Interesse an der Buildinx 2025 und an unseren Energiel\u00f6sungen f\u00fcr Logistikstandorte.In K\u00fcrze erhalten Sie Ihren Code f\u00fcr die kostenfreie Eintrittskarte per E-Mail. Wir freuen uns, Sie pers\u00f6nlich an unserem Stand (Halle 5 \/ 5.F04) zu treffen! Gemeinsam mit COEBIZ zeigen wir, wie Sie mit PV-, Speicher- und Ladeinfrastruktur [&hellip;]\" \/>\n<meta property=\"og:url\" content=\"https:\/\/cubeconcepts.de\/fr\/lp-danke-ticketbestellung\/\" \/>\n<meta property=\"og:site_name\" content=\"CUBE CONCEPTS\" \/>\n<meta property=\"article:modified_time\" content=\"2025-10-30T11:42:16+00:00\" \/>\n<meta name=\"twitter:card\" content=\"summary_large_image\" \/>\n<meta name=\"twitter:label1\" content=\"Dur\u00e9e de lecture estim\u00e9e\" \/>\n\t<meta name=\"twitter:data1\" content=\"1 minute\" \/>\n<script type=\"application\/ld+json\" class=\"yoast-schema-graph\">{\"@context\":\"https:\\\/\\\/schema.org\",\"@graph\":[{\"@type\":\"WebPage\",\"@id\":\"https:\\\/\\\/cubeconcepts.de\\\/lp-danke-ticketbestellung\\\/\",\"url\":\"https:\\\/\\\/cubeconcepts.de\\\/lp-danke-ticketbestellung\\\/\",\"name\":\"LP-Danke-Ticketbestellung | CUBE CONCEPTS\",\"isPartOf\":{\"@id\":\"https:\\\/\\\/cubeconcepts.de\\\/#website\"},\"datePublished\":\"2025-10-30T11:39:53+00:00\",\"dateModified\":\"2025-10-30T11:42:16+00:00\",\"breadcrumb\":{\"@id\":\"https:\\\/\\\/cubeconcepts.de\\\/lp-danke-ticketbestellung\\\/#breadcrumb\"},\"inLanguage\":\"fr-FR\",\"potentialAction\":[{\"@type\":\"ReadAction\",\"target\":[\"https:\\\/\\\/cubeconcepts.de\\\/lp-danke-ticketbestellung\\\/\"]}]},{\"@type\":\"BreadcrumbList\",\"@id\":\"https:\\\/\\\/cubeconcepts.de\\\/lp-danke-ticketbestellung\\\/#breadcrumb\",\"itemListElement\":[{\"@type\":\"ListItem\",\"position\":1,\"name\":\"Startseite\",\"item\":\"https:\\\/\\\/cubeconcepts.de\\\/\"},{\"@type\":\"ListItem\",\"position\":2,\"name\":\"LP-Danke-Ticketbestellung\"}]},{\"@type\":\"WebSite\",\"@id\":\"https:\\\/\\\/cubeconcepts.de\\\/#website\",\"url\":\"https:\\\/\\\/cubeconcepts.de\\\/\",\"name\":\"CUBE CONCEPTS\",\"description\":\"Ihr PV-Architekt &amp; Full-Service-Partner f\u00fcr\",\"publisher\":{\"@id\":\"https:\\\/\\\/cubeconcepts.de\\\/#organization\"},\"potentialAction\":[{\"@type\":\"SearchAction\",\"target\":{\"@type\":\"EntryPoint\",\"urlTemplate\":\"https:\\\/\\\/cubeconcepts.de\\\/?s={search_term_string}\"},\"query-input\":{\"@type\":\"PropertyValueSpecification\",\"valueRequired\":true,\"valueName\":\"search_term_string\"}}],\"inLanguage\":\"fr-FR\"},{\"@type\":\"Organization\",\"@id\":\"https:\\\/\\\/cubeconcepts.de\\\/#organization\",\"name\":\"CUBE CONCEPTS\",\"url\":\"https:\\\/\\\/cubeconcepts.de\\\/\",\"logo\":{\"@type\":\"ImageObject\",\"inLanguage\":\"fr-FR\",\"@id\":\"https:\\\/\\\/cubeconcepts.de\\\/#\\\/schema\\\/logo\\\/image\\\/\",\"url\":\"https:\\\/\\\/cubeconcepts.de\\\/wp-content\\\/uploads\\\/2023\\\/01\\\/CUBE_CONCEPT-Logo.png\",\"contentUrl\":\"https:\\\/\\\/cubeconcepts.de\\\/wp-content\\\/uploads\\\/2023\\\/01\\\/CUBE_CONCEPT-Logo.png\",\"width\":644,\"height\":207,\"caption\":\"CUBE CONCEPTS\"},\"image\":{\"@id\":\"https:\\\/\\\/cubeconcepts.de\\\/#\\\/schema\\\/logo\\\/image\\\/\"}}]}<\/script>\n<!-- \/ Yoast SEO plugin. -->","yoast_head_json":{"title":"LP-Danke-Ticketbestellung | CUBE CONCEPTS","robots":{"index":"index","follow":"follow","max-snippet":"max-snippet:-1","max-image-preview":"max-image-preview:large","max-video-preview":"max-video-preview:-1"},"canonical":"https:\/\/cubeconcepts.de\/fr\/lp-danke-ticketbestellung\/","og_locale":"fr_FR","og_type":"article","og_title":"LP-Danke-Ticketbestellung | CUBE CONCEPTS","og_description":"Ihre Freikarte ist unterwegs! Danke f\u00fcr Ihr Interesse an der Buildinx 2025 und an unseren Energiel\u00f6sungen f\u00fcr Logistikstandorte.In K\u00fcrze erhalten Sie Ihren Code f\u00fcr die kostenfreie Eintrittskarte per E-Mail. Wir freuen uns, Sie pers\u00f6nlich an unserem Stand (Halle 5 \/ 5.F04) zu treffen! Gemeinsam mit COEBIZ zeigen wir, wie Sie mit PV-, Speicher- und Ladeinfrastruktur [&hellip;]","og_url":"https:\/\/cubeconcepts.de\/fr\/lp-danke-ticketbestellung\/","og_site_name":"CUBE CONCEPTS","article_modified_time":"2025-10-30T11:42:16+00:00","twitter_card":"summary_large_image","twitter_misc":{"Dur\u00e9e de lecture estim\u00e9e":"1 minute"},"schema":{"@context":"https:\/\/schema.org","@graph":[{"@type":"WebPage","@id":"https:\/\/cubeconcepts.de\/lp-danke-ticketbestellung\/","url":"https:\/\/cubeconcepts.de\/lp-danke-ticketbestellung\/","name":"LP-Danke-Ticketbestellung | CUBE CONCEPTS","isPartOf":{"@id":"https:\/\/cubeconcepts.de\/#website"},"datePublished":"2025-10-30T11:39:53+00:00","dateModified":"2025-10-30T11:42:16+00:00","breadcrumb":{"@id":"https:\/\/cubeconcepts.de\/lp-danke-ticketbestellung\/#breadcrumb"},"inLanguage":"fr-FR","potentialAction":[{"@type":"ReadAction","target":["https:\/\/cubeconcepts.de\/lp-danke-ticketbestellung\/"]}]},{"@type":"BreadcrumbList","@id":"https:\/\/cubeconcepts.de\/lp-danke-ticketbestellung\/#breadcrumb","itemListElement":[{"@type":"ListItem","position":1,"name":"Startseite","item":"https:\/\/cubeconcepts.de\/"},{"@type":"ListItem","position":2,"name":"LP-Danke-Ticketbestellung"}]},{"@type":"WebSite","@id":"https:\/\/cubeconcepts.de\/#website","url":"https:\/\/cubeconcepts.de\/","name":"CUBE CONCEPTS","description":"Votre architecte PV &amp; partenaire de service complet pour","publisher":{"@id":"https:\/\/cubeconcepts.de\/#organization"},"potentialAction":[{"@type":"SearchAction","target":{"@type":"EntryPoint","urlTemplate":"https:\/\/cubeconcepts.de\/?s={search_term_string}"},"query-input":{"@type":"PropertyValueSpecification","valueRequired":true,"valueName":"search_term_string"}}],"inLanguage":"fr-FR"},{"@type":"Organization","@id":"https:\/\/cubeconcepts.de\/#organization","name":"CUBE CONCEPTS","url":"https:\/\/cubeconcepts.de\/","logo":{"@type":"ImageObject","inLanguage":"fr-FR","@id":"https:\/\/cubeconcepts.de\/#\/schema\/logo\/image\/","url":"https:\/\/cubeconcepts.de\/wp-content\/uploads\/2023\/01\/CUBE_CONCEPT-Logo.png","contentUrl":"https:\/\/cubeconcepts.de\/wp-content\/uploads\/2023\/01\/CUBE_CONCEPT-Logo.png","width":644,"height":207,"caption":"CUBE CONCEPTS"},"image":{"@id":"https:\/\/cubeconcepts.de\/#\/schema\/logo\/image\/"}}]}},"_links":{"self":[{"href":"https:\/\/cubeconcepts.de\/fr\/wp-json\/wp\/v2\/pages\/25455","targetHints":{"allow":["GET"]}}],"collection":[{"href":"https:\/\/cubeconcepts.de\/fr\/wp-json\/wp\/v2\/pages"}],"about":[{"href":"https:\/\/cubeconcepts.de\/fr\/wp-json\/wp\/v2\/types\/page"}],"author":[{"embeddable":true,"href":"https:\/\/cubeconcepts.de\/fr\/wp-json\/wp\/v2\/users\/3"}],"replies":[{"embeddable":true,"href":"https:\/\/cubeconcepts.de\/fr\/wp-json\/wp\/v2\/comments?post=25455"}],"version-history":[{"count":0,"href":"https:\/\/cubeconcepts.de\/fr\/wp-json\/wp\/v2\/pages\/25455\/revisions"}],"wp:attachment":[{"href":"https:\/\/cubeconcepts.de\/fr\/wp-json\/wp\/v2\/media?parent=25455"}],"curies":[{"name":"wp","href":"https:\/\/api.w.org\/{rel}","templated":true}]}}