{"id":17661,"date":"2024-10-25T10:07:40","date_gmt":"2024-10-25T08:07:40","guid":{"rendered":"https:\/\/cubeconcepts.de\/register\/"},"modified":"2024-11-27T10:46:41","modified_gmt":"2024-11-27T09:46:41","slug":"registre","status":"publish","type":"page","link":"https:\/\/cubeconcepts.de\/fr\/register\/","title":{"rendered":"S'inscrire"},"content":{"rendered":"<div data-elementor-type=\"wp-page\" data-elementor-id=\"17661\" class=\"elementor elementor-17661\" data-elementor-post-type=\"page\">\n\t\t\t\t<div class=\"elementor-element elementor-element-8826b88 e-con-full e-flex e-con e-parent\" data-id=\"8826b88\" data-element_type=\"container\" data-e-type=\"container\" data-settings=\"{&quot;background_background&quot;:&quot;classic&quot;}\">\n\t\t<div class=\"elementor-element elementor-element-6fda238 e-con-full e-flex e-con e-child\" data-id=\"6fda238\" data-element_type=\"container\" data-e-type=\"container\" data-settings=\"{&quot;background_background&quot;:&quot;classic&quot;}\">\n\t\t\t\t<\/div>\n\t\t<div class=\"elementor-element elementor-element-0c1bbfd e-con-full e-flex e-con e-child\" data-id=\"0c1bbfd\" data-element_type=\"container\" data-e-type=\"container\">\n\t\t\t\t<div class=\"elementor-element elementor-element-749c422 elementor-fixed elementor-widget elementor-widget-theme-site-logo elementor-widget-image\" data-id=\"749c422\" data-element_type=\"widget\" data-e-type=\"widget\" data-settings=\"{&quot;_position&quot;:&quot;fixed&quot;}\" data-widget_type=\"theme-site-logo.default\">\n\t\t\t\t<div class=\"elementor-widget-container\">\n\t\t\t\t\t\t\t\t\t\t\t<a href=\"https:\/\/cubeconcepts.de\/fr\">\n\t\t\t<img decoding=\"async\" width=\"300\" height=\"96\" src=\"https:\/\/cubeconcepts.de\/wp-content\/uploads\/2023\/01\/CUBE_CONCEPT-Logo-300x96.png\" class=\"attachment-medium size-medium wp-image-61\" alt=\"Logo CUBE CONCEPT - Installations photovolta\u00efques commerciales\" srcset=\"https:\/\/cubeconcepts.de\/wp-content\/uploads\/2023\/01\/CUBE_CONCEPT-Logo-300x96.png 300w, https:\/\/cubeconcepts.de\/wp-content\/uploads\/2023\/01\/CUBE_CONCEPT-Logo.png 644w\" sizes=\"(max-width: 300px) 100vw, 300px\" \/>\t\t\t\t<\/a>\n\t\t\t\t\t\t\t\t\t\t\t<\/div>\n\t\t\t\t<\/div>\n\t\t\t\t<div class=\"elementor-element elementor-element-2bead8a elementor-widget elementor-widget-text-editor\" data-id=\"2bead8a\" data-element_type=\"widget\" data-e-type=\"widget\" data-widget_type=\"text-editor.default\">\n\t\t\t\t<div class=\"elementor-widget-container\">\n\t\t\t\t\t\t\t\t\t<a href=\"javascript:history.back()\">&lt; Retour<\/a>\t\t\t\t\t\t\t\t<\/div>\n\t\t\t\t<\/div>\n\t\t\t\t<div class=\"elementor-element elementor-element-3ac356c elementor-widget elementor-widget-heading\" data-id=\"3ac356c\" data-element_type=\"widget\" data-e-type=\"widget\" data-widget_type=\"heading.default\">\n\t\t\t\t<div class=\"elementor-widget-container\">\n\t\t\t\t\t<h1 class=\"elementor-heading-title elementor-size-default\">S'inscrire<\/h1>\t\t\t\t<\/div>\n\t\t\t\t<\/div>\n\t\t\t\t<div class=\"elementor-element elementor-element-7573ca7 elementor-widget__width-initial elementor-widget elementor-widget-shortcode\" data-id=\"7573ca7\" data-element_type=\"widget\" data-e-type=\"widget\" data-widget_type=\"shortcode.default\">\n\t\t\t\t<div class=\"elementor-widget-container\">\n\t\t\t\t\t\t\t<div class=\"elementor-shortcode\">\n<div class=\"um um-register um-17655\">\n\t<div class=\"um-form\" data-mode=\"register\">\n\t\t<form method=\"post\" action=\"\" data-trp-original-action=\"\">\n\t\t\t<div class=\"um-row _um_row_1\" style=\"margin: 0 0 30px 0;\"><div class=\"um-col-1\"><div  id=\"um_field_17655_first_name\" class=\"um-field um-field-text  um-field-first_name um-field-text um-field-type_text\" data-key=\"first_name\"><div class=\"um-field-label\"><label for=\"first_name-17655\">Pr\u00e9nom<\/label><div class=\"um-clear\"><\/div><\/div><div class=\"um-field-area\"><input  autocomplete=\"off\" class=\"um-form-field valid\" type=\"text\" name=\"first_name-17655\" id=\"first_name-17655\" value=\"\" placeholder=\"\" data-validate=\"\" data-key=\"first_name\"  aria-invalid=\"false\" \/>\n\n\t\t\t\t\t\t<\/div><\/div><div  id=\"um_field_17655_last_name\" class=\"um-field um-field-text  um-field-last_name um-field-text um-field-type_text\" data-key=\"last_name\"><div class=\"um-field-label\"><label for=\"last_name-17655\">Nom de famille<\/label><div class=\"um-clear\"><\/div><\/div><div class=\"um-field-area\"><input  autocomplete=\"off\" class=\"um-form-field valid\" type=\"text\" name=\"last_name-17655\" id=\"last_name-17655\" value=\"\" placeholder=\"\" data-validate=\"\" data-key=\"last_name\"  aria-invalid=\"false\" \/>\n\n\t\t\t\t\t\t<\/div><\/div><div  id=\"um_field_17655_user_email\" class=\"um-field um-field-text  um-field-user_email um-field-text um-field-type_text\" data-key=\"user_email\"><div class=\"um-field-label\"><label for=\"user_email-17655\">Gesch\u00e4ftliche E-Mail-Adresse<\/label><div class=\"um-clear\"><\/div><\/div><div class=\"um-field-area\"><input  autocomplete=\"off\" class=\"um-form-field valid not-required\" type=\"text\" name=\"user_email-17655\" id=\"user_email-17655\" value=\"\" placeholder=\"\" data-validate=\"unique_email\" data-key=\"user_email\"  aria-invalid=\"false\" \/>\n\n\t\t\t\t\t\t<\/div><\/div><div  id=\"um_field_17655_user_password\" class=\"um-field um-field-password  um-field-user_password um-field-password um-field-type_password\" data-key=\"user_password\"><div class=\"um-field-label\"><label for=\"user_password-17655\">Passwort<\/label><div class=\"um-clear\"><\/div><\/div><div class=\"um-field-area\"><div class=\"um-field-area-password\">\n\t\t\t\t\t\t\t\t\t<input class=\"um-form-field valid\" type=\"password\" name=\"user_password-17655\" id=\"user_password-17655\" value=\"\" placeholder=\"\" data-validate=\"\" data-key=\"user_password\"  aria-invalid=\"false\" \/>\n\t\t\t\t\t\t\t\t\t<span class=\"um-toggle-password\"><i class=\"um-icon-eye\"><\/i><\/span>\n\t\t\t\t\t\t\t\t<\/div>\n\t\t\t\t\t\t\t<\/div><\/div><div  id=\"um_field_17655_confirm_user_password\" class=\"um-field um-field-password  um-field-user_password um-field-password um-field-type_password\" data-key=\"confirm_user_password\"><div class=\"um-field-label\"><label for=\"confirm_user_password-17655\">Confirmer le Passwort<\/label><div class=\"um-clear\"><\/div><\/div><div class=\"um-field-area\"><div class=\"um-field-area-password\"><input class=\"um-form-field valid\" type=\"password\" name=\"confirm_user_password-17655\" id=\"confirm_user_password-17655\" value=\"\" placeholder=\"Confirmer le Passwort\" data-validate=\"\" data-key=\"confirm_user_password\"  aria-invalid=\"false\" \/><span class=\"um-toggle-password\"><i class=\"um-icon-eye\"><\/i><\/span><\/div><\/div><\/div><\/div><\/div>\t<input type=\"hidden\" name=\"form_id\" id=\"form_id_17655\" value=\"17655\" \/>\n\t\t<p class=\"um_request_name\">\n\t\t<label for=\"um_request_17655\">Only fill in if you are not human<\/label>\n\t\t<input type=\"hidden\" name=\"um_request\" id=\"um_request_17655\" class=\"input\" value=\"\" size=\"25\" autocomplete=\"off\" \/>\n\t<\/p>\n\t<input type=\"hidden\" id=\"_wpnonce\" name=\"_wpnonce\" value=\"dc5ccb8944\" \/><input type=\"hidden\" name=\"_wp_http_referer\" value=\"\/fr\/wp-json\/wp\/v2\/pages\/17661\" \/>\n\t<div class=\"um-col-alt\">\n\n\t\t\n\t\t\t<div class=\"um-center\">\n\t\t\t\t<input type=\"submit\" value=\"S&#039;inscrire\" class=\"um-button\" id=\"um-submit-btn\" \/>\n\t\t\t<\/div>\n\n\t\t\n\t\t<div class=\"um-clear\"><\/div>\n\n\t<\/div>\n\n\t\t\t<input type=\"hidden\" name=\"trp-form-language\" value=\"fr\"\/><\/form>\n\t<\/div>\n<\/div>\n<style>\n\t\t\t.um-17655.um {\n\t\t\tmax-width: 450px;\n\t\t}\n\t\t<\/style>\n<\/div>\n\t\t\t\t\t\t<\/div>\n\t\t\t\t<\/div>\n\t\t\t\t<\/div>\n\t\t\t\t<\/div>\n\t\t\t\t<\/div>","protected":false},"excerpt":{"rendered":"<p>< Zur\u00fcck Registrieren\n<\/p>","protected":false},"author":131,"featured_media":0,"parent":0,"menu_order":0,"comment_status":"closed","ping_status":"closed","template":"elementor_canvas","meta":{"_acf_changed":false,"footnotes":""},"class_list":["post-17661","page","type-page","status-publish","hentry"],"acf":[],"yoast_head":"<!-- This site is optimized with the Yoast SEO plugin v27.4 - https:\/\/yoast.com\/product\/yoast-seo-wordpress\/ -->\n<title>Registrieren &amp; Energie-Insights sichern! | CUBE CONCEPTS<\/title>\n<meta name=\"description\" content=\"Einfach hier kostenlos registrieren und wertvolle Gratisinformationen und Hintergr\u00fcnde f\u00fcr effiziente PV-Projekte sammeln.\" \/>\n<meta name=\"robots\" content=\"noindex, nofollow\" \/>\n<meta property=\"og:locale\" content=\"fr_FR\" \/>\n<meta property=\"og:type\" content=\"article\" \/>\n<meta property=\"og:title\" content=\"Registrieren &amp; Energie-Insights sichern! | CUBE CONCEPTS\" \/>\n<meta property=\"og:description\" content=\"Einfach hier kostenlos registrieren und wertvolle Gratisinformationen und Hintergr\u00fcnde f\u00fcr effiziente PV-Projekte sammeln.\" \/>\n<meta property=\"og:url\" content=\"https:\/\/cubeconcepts.de\/fr\/registre\/\" \/>\n<meta property=\"og:site_name\" content=\"CUBE CONCEPTS\" \/>\n<meta property=\"article:modified_time\" content=\"2024-11-27T09:46:41+00:00\" \/>\n<meta name=\"twitter:card\" content=\"summary_large_image\" \/>\n<meta name=\"twitter:label1\" content=\"Dur\u00e9e de lecture estim\u00e9e\" \/>\n\t<meta name=\"twitter:data1\" content=\"1 minute\" \/>\n<script type=\"application\/ld+json\" class=\"yoast-schema-graph\">{\"@context\":\"https:\\\/\\\/schema.org\",\"@graph\":[{\"@type\":\"WebPage\",\"@id\":\"https:\\\/\\\/cubeconcepts.de\\\/register\\\/\",\"url\":\"https:\\\/\\\/cubeconcepts.de\\\/register\\\/\",\"name\":\"Registrieren & Energie-Insights sichern! | CUBE CONCEPTS\",\"isPartOf\":{\"@id\":\"https:\\\/\\\/cubeconcepts.de\\\/#website\"},\"datePublished\":\"2024-10-25T08:07:40+00:00\",\"dateModified\":\"2024-11-27T09:46:41+00:00\",\"description\":\"Einfach hier kostenlos registrieren und wertvolle Gratisinformationen und Hintergr\u00fcnde f\u00fcr effiziente PV-Projekte sammeln.\",\"breadcrumb\":{\"@id\":\"https:\\\/\\\/cubeconcepts.de\\\/register\\\/#breadcrumb\"},\"inLanguage\":\"fr-FR\",\"potentialAction\":[{\"@type\":\"ReadAction\",\"target\":[\"https:\\\/\\\/cubeconcepts.de\\\/register\\\/\"]}]},{\"@type\":\"BreadcrumbList\",\"@id\":\"https:\\\/\\\/cubeconcepts.de\\\/register\\\/#breadcrumb\",\"itemListElement\":[{\"@type\":\"ListItem\",\"position\":1,\"name\":\"Startseite\",\"item\":\"https:\\\/\\\/cubeconcepts.de\\\/\"},{\"@type\":\"ListItem\",\"position\":2,\"name\":\"Registrieren\"}]},{\"@type\":\"WebSite\",\"@id\":\"https:\\\/\\\/cubeconcepts.de\\\/#website\",\"url\":\"https:\\\/\\\/cubeconcepts.de\\\/\",\"name\":\"CUBE CONCEPTS\",\"description\":\"Ihr PV-Architekt &amp; Full-Service-Partner f\u00fcr\",\"publisher\":{\"@id\":\"https:\\\/\\\/cubeconcepts.de\\\/#organization\"},\"potentialAction\":[{\"@type\":\"SearchAction\",\"target\":{\"@type\":\"EntryPoint\",\"urlTemplate\":\"https:\\\/\\\/cubeconcepts.de\\\/?s={search_term_string}\"},\"query-input\":{\"@type\":\"PropertyValueSpecification\",\"valueRequired\":true,\"valueName\":\"search_term_string\"}}],\"inLanguage\":\"fr-FR\"},{\"@type\":\"Organization\",\"@id\":\"https:\\\/\\\/cubeconcepts.de\\\/#organization\",\"name\":\"CUBE CONCEPTS\",\"url\":\"https:\\\/\\\/cubeconcepts.de\\\/\",\"logo\":{\"@type\":\"ImageObject\",\"inLanguage\":\"fr-FR\",\"@id\":\"https:\\\/\\\/cubeconcepts.de\\\/#\\\/schema\\\/logo\\\/image\\\/\",\"url\":\"https:\\\/\\\/cubeconcepts.de\\\/wp-content\\\/uploads\\\/2023\\\/01\\\/CUBE_CONCEPT-Logo.png\",\"contentUrl\":\"https:\\\/\\\/cubeconcepts.de\\\/wp-content\\\/uploads\\\/2023\\\/01\\\/CUBE_CONCEPT-Logo.png\",\"width\":644,\"height\":207,\"caption\":\"CUBE CONCEPTS\"},\"image\":{\"@id\":\"https:\\\/\\\/cubeconcepts.de\\\/#\\\/schema\\\/logo\\\/image\\\/\"}}]}<\/script>\n<!-- \/ Yoast SEO plugin. -->","yoast_head_json":{"title":"Inscrivez-vous et obtenez des informations sur l'\u00e9nergie ! | CUBE CONCEPTS","description":"Il suffit de s'inscrire ici gratuitement et de collecter de pr\u00e9cieuses informations gratuites et des informations de fond pour des projets photovolta\u00efques efficaces.","robots":{"index":"noindex","follow":"nofollow"},"og_locale":"fr_FR","og_type":"article","og_title":"Registrieren & Energie-Insights sichern! | CUBE CONCEPTS","og_description":"Einfach hier kostenlos registrieren und wertvolle Gratisinformationen und Hintergr\u00fcnde f\u00fcr effiziente PV-Projekte sammeln.","og_url":"https:\/\/cubeconcepts.de\/fr\/registre\/","og_site_name":"CUBE CONCEPTS","article_modified_time":"2024-11-27T09:46:41+00:00","twitter_card":"summary_large_image","twitter_misc":{"Dur\u00e9e de lecture estim\u00e9e":"1 minute"},"schema":{"@context":"https:\/\/schema.org","@graph":[{"@type":"WebPage","@id":"https:\/\/cubeconcepts.de\/register\/","url":"https:\/\/cubeconcepts.de\/register\/","name":"Inscrivez-vous et obtenez des informations sur l'\u00e9nergie ! | CUBE CONCEPTS","isPartOf":{"@id":"https:\/\/cubeconcepts.de\/#website"},"datePublished":"2024-10-25T08:07:40+00:00","dateModified":"2024-11-27T09:46:41+00:00","description":"Il suffit de s'inscrire ici gratuitement et de collecter de pr\u00e9cieuses informations gratuites et des informations de fond pour des projets photovolta\u00efques efficaces.","breadcrumb":{"@id":"https:\/\/cubeconcepts.de\/register\/#breadcrumb"},"inLanguage":"fr-FR","potentialAction":[{"@type":"ReadAction","target":["https:\/\/cubeconcepts.de\/register\/"]}]},{"@type":"BreadcrumbList","@id":"https:\/\/cubeconcepts.de\/register\/#breadcrumb","itemListElement":[{"@type":"ListItem","position":1,"name":"Startseite","item":"https:\/\/cubeconcepts.de\/"},{"@type":"ListItem","position":2,"name":"Registrieren"}]},{"@type":"WebSite","@id":"https:\/\/cubeconcepts.de\/#website","url":"https:\/\/cubeconcepts.de\/","name":"CUBE CONCEPTS","description":"Votre architecte PV &amp; partenaire de service complet pour","publisher":{"@id":"https:\/\/cubeconcepts.de\/#organization"},"potentialAction":[{"@type":"SearchAction","target":{"@type":"EntryPoint","urlTemplate":"https:\/\/cubeconcepts.de\/?s={search_term_string}"},"query-input":{"@type":"PropertyValueSpecification","valueRequired":true,"valueName":"search_term_string"}}],"inLanguage":"fr-FR"},{"@type":"Organization","@id":"https:\/\/cubeconcepts.de\/#organization","name":"CUBE CONCEPTS","url":"https:\/\/cubeconcepts.de\/","logo":{"@type":"ImageObject","inLanguage":"fr-FR","@id":"https:\/\/cubeconcepts.de\/#\/schema\/logo\/image\/","url":"https:\/\/cubeconcepts.de\/wp-content\/uploads\/2023\/01\/CUBE_CONCEPT-Logo.png","contentUrl":"https:\/\/cubeconcepts.de\/wp-content\/uploads\/2023\/01\/CUBE_CONCEPT-Logo.png","width":644,"height":207,"caption":"CUBE CONCEPTS"},"image":{"@id":"https:\/\/cubeconcepts.de\/#\/schema\/logo\/image\/"}}]}},"_links":{"self":[{"href":"https:\/\/cubeconcepts.de\/fr\/wp-json\/wp\/v2\/pages\/17661","targetHints":{"allow":["GET"]}}],"collection":[{"href":"https:\/\/cubeconcepts.de\/fr\/wp-json\/wp\/v2\/pages"}],"about":[{"href":"https:\/\/cubeconcepts.de\/fr\/wp-json\/wp\/v2\/types\/page"}],"author":[{"embeddable":true,"href":"https:\/\/cubeconcepts.de\/fr\/wp-json\/wp\/v2\/users\/131"}],"replies":[{"embeddable":true,"href":"https:\/\/cubeconcepts.de\/fr\/wp-json\/wp\/v2\/comments?post=17661"}],"version-history":[{"count":0,"href":"https:\/\/cubeconcepts.de\/fr\/wp-json\/wp\/v2\/pages\/17661\/revisions"}],"wp:attachment":[{"href":"https:\/\/cubeconcepts.de\/fr\/wp-json\/wp\/v2\/media?parent=17661"}],"curies":[{"name":"wp","href":"https:\/\/api.w.org\/{rel}","templated":true}]}}