{"id":10035,"date":"2023-09-25T12:07:43","date_gmt":"2023-09-25T10:07:43","guid":{"rendered":"https:\/\/cubeconcepts.de\/?page_id=10035"},"modified":"2024-05-03T11:57:45","modified_gmt":"2024-05-03T09:57:45","slug":"buscar-en","status":"publish","type":"page","link":"https:\/\/cubeconcepts.de\/es\/suchen\/","title":{"rendered":"Buscar en"},"content":{"rendered":"<div data-elementor-type=\"wp-page\" data-elementor-id=\"10035\" class=\"elementor elementor-10035\" data-elementor-post-type=\"page\">\n\t\t\t\t\t\t<section class=\"elementor-section elementor-top-section elementor-element elementor-element-b75d6b2 elementor-section-boxed elementor-section-height-default elementor-section-height-default elementor-invisible\" data-id=\"b75d6b2\" data-element_type=\"section\" data-e-type=\"section\" data-settings=\"{&quot;animation&quot;:&quot;fadeInUp&quot;}\">\n\t\t\t\t\t\t<div class=\"elementor-container elementor-column-gap-no\">\n\t\t\t\t\t<div class=\"elementor-column elementor-col-100 elementor-top-column elementor-element elementor-element-9d0f025\" data-id=\"9d0f025\" data-element_type=\"column\" data-e-type=\"column\">\n\t\t\t<div class=\"elementor-widget-wrap elementor-element-populated\">\n\t\t\t\t\t\t<div class=\"elementor-element elementor-element-8f6facc elementor-widget elementor-widget-heading\" data-id=\"8f6facc\" data-element_type=\"widget\" data-e-type=\"widget\" data-widget_type=\"heading.default\">\n\t\t\t\t<div class=\"elementor-widget-container\">\n\t\t\t\t\t<h2 class=\"elementor-heading-title elementor-size-default\">Buscar en<\/h2>\t\t\t\t<\/div>\n\t\t\t\t<\/div>\n\t\t\t\t<div class=\"elementor-element elementor-element-50a4da7 elementor-search-form--skin-classic elementor-search-form--button-type-icon elementor-search-form--icon-search elementor-widget elementor-widget-search-form\" data-id=\"50a4da7\" data-element_type=\"widget\" data-e-type=\"widget\" data-settings=\"{&quot;skin&quot;:&quot;classic&quot;}\" data-widget_type=\"search-form.default\">\n\t\t\t\t<div class=\"elementor-widget-container\">\n\t\t\t\t\t\t\t<search role=\"search\">\n\t\t\t<form class=\"elementor-search-form\" action=\"https:\/\/cubeconcepts.de\/es\/\" method=\"get\" data-trp-original-action=\"https:\/\/cubeconcepts.de\/es\">\n\t\t\t\t\t\t\t\t\t\t\t\t<div class=\"elementor-search-form__container\">\n\t\t\t\t\t<label class=\"elementor-screen-only\" for=\"elementor-search-form-50a4da7\">Buscar<\/label>\n\n\t\t\t\t\t\n\t\t\t\t\t<input id=\"elementor-search-form-50a4da7\" placeholder=\"Busca...\" class=\"elementor-search-form__input\" type=\"search\" name=\"s\" value=\"\">\n\t\t\t\t\t\n\t\t\t\t\t\t\t\t\t\t\t<button class=\"elementor-search-form__submit\" type=\"submit\" aria-label=\"Buscar\">\n\t\t\t\t\t\t\t\t\t\t\t\t\t\t\t<i aria-hidden=\"true\" class=\"fas fa-search\"><\/i>\t\t\t\t\t\t\t\t\t\t\t\t\t<\/button>\n\t\t\t\t\t\n\t\t\t\t\t\t\t\t\t<\/div>\n\t\t\t<input type=\"hidden\" name=\"trp-form-language\" value=\"es\"\/><\/form>\n\t\t<\/search>\n\t\t\t\t\t\t<\/div>\n\t\t\t\t<\/div>\n\t\t\t\t\t<\/div>\n\t\t<\/div>\n\t\t\t\t\t<\/div>\n\t\t<\/section>\n\t\t\t\t<section class=\"elementor-section elementor-top-section elementor-element elementor-element-59b01948 elementor-section-boxed elementor-section-height-default elementor-section-height-default\" data-id=\"59b01948\" data-element_type=\"section\" data-e-type=\"section\">\n\t\t\t\t\t\t<div class=\"elementor-container elementor-column-gap-no\">\n\t\t\t\t\t<div class=\"elementor-column elementor-col-100 elementor-top-column elementor-element elementor-element-3a65271a\" data-id=\"3a65271a\" data-element_type=\"column\" data-e-type=\"column\">\n\t\t\t<div class=\"elementor-widget-wrap elementor-element-populated\">\n\t\t\t\t\t\t<div class=\"elementor-element elementor-element-3a7d8c63 elementor-widget elementor-widget-heading\" data-id=\"3a7d8c63\" data-element_type=\"widget\" data-e-type=\"widget\" data-widget_type=\"heading.default\">\n\t\t\t\t<div class=\"elementor-widget-container\">\n\t\t\t\t\t<h1 class=\"elementor-heading-title elementor-size-default\">Aqu\u00ed encontrar\u00e1 respuesta a todas sus preguntas sobre energ\u00eda<\/h1>\t\t\t\t<\/div>\n\t\t\t\t<\/div>\n\t\t\t\t\t<\/div>\n\t\t<\/div>\n\t\t\t\t\t<\/div>\n\t\t<\/section>\n\t\t\t\t<section class=\"elementor-section elementor-top-section elementor-element elementor-element-2aa895e0 elementor-section-boxed elementor-section-height-default elementor-section-height-default\" data-id=\"2aa895e0\" data-element_type=\"section\" data-e-type=\"section\">\n\t\t\t\t\t\t<div class=\"elementor-container elementor-column-gap-no\">\n\t\t\t\t\t<div class=\"elementor-column elementor-col-100 elementor-top-column elementor-element elementor-element-10d333e\" data-id=\"10d333e\" data-element_type=\"column\" data-e-type=\"column\">\n\t\t\t<div class=\"elementor-widget-wrap elementor-element-populated\">\n\t\t\t\t\t\t<div class=\"elementor-element elementor-element-7706433e elementor-widget elementor-widget-text-editor\" data-id=\"7706433e\" data-element_type=\"widget\" data-e-type=\"widget\" data-widget_type=\"text-editor.default\">\n\t\t\t\t<div class=\"elementor-widget-container\">\n\t\t\t\t\t\t\t\t\t<p><span style=\"color: var( --e-global-color-text );\">Bienvenido a nuestro sitio web Utilice la funci\u00f3n de b\u00fasqueda para buscar informaci\u00f3n espec\u00edfica sobre proyectos fotovoltaicos o energ\u00e9ticos para empresas. Nuestra plataforma ofrece una amplia colecci\u00f3n de art\u00edculos y p\u00e1ginas que tratan diversos aspectos de los sistemas fotovoltaicos, las certificaciones, los temas ESG, la legislaci\u00f3n energ\u00e9tica o la e-movilidad.<\/span><\/p><p><span style=\"color: var( --e-global-color-text );\"><b>Respuestas a todas las preguntas sobre energ\u00eda<\/b><\/span><\/p><p>Introduzca palabras clave como \"instalaci\u00f3n fotovoltaica\", \"c\u00e9lulas solares\", \"optimizaci\u00f3n del rendimiento\" u otros t\u00e9rminos relevantes en el cuadro de b\u00fasqueda superior para encontrar informaci\u00f3n espec\u00edfica. Nuestro sitio est\u00e1 dirigido a cualquier persona interesada en las energ\u00edas renovables y las tecnolog\u00edas fotovoltaicas.<\/p><p>Si tiene alguna dificultad con su b\u00fasqueda o necesita m\u00e1s ayuda, no dude en ponerse en contacto con nosotros a trav\u00e9s de nuestro formulario de contacto. Estaremos encantados de ayudarle a encontrar la informaci\u00f3n que busca.<\/p><p>Gracias por su visita y buena suerte en su b\u00fasqueda de informaci\u00f3n sobre sistemas fotovoltaicos.<\/p>\t\t\t\t\t\t\t\t<\/div>\n\t\t\t\t<\/div>\n\t\t\t\t<div class=\"elementor-element elementor-element-6fc0a33 elementor-widget elementor-widget-button\" data-id=\"6fc0a33\" data-element_type=\"widget\" data-e-type=\"widget\" data-widget_type=\"button.default\">\n\t\t\t\t<div class=\"elementor-widget-container\">\n\t\t\t\t\t\t\t\t\t<div class=\"elementor-button-wrapper\">\n\t\t\t\t\t<a class=\"elementor-button elementor-button-link elementor-size-sm\" href=\"https:\/\/cubeconcepts.de\/es\/empresa\/pongase-en-contacto-con\/\">\n\t\t\t\t\t\t<span class=\"elementor-button-content-wrapper\">\n\t\t\t\t\t\t\t\t\t<span class=\"elementor-button-text\">P\u00f3ngase en contacto ahora<\/span>\n\t\t\t\t\t<\/span>\n\t\t\t\t\t<\/a>\n\t\t\t\t<\/div>\n\t\t\t\t\t\t\t\t<\/div>\n\t\t\t\t<\/div>\n\t\t\t\t\t<\/div>\n\t\t<\/div>\n\t\t\t\t\t<\/div>\n\t\t<\/section>\n\t\t\t\t<\/div>","protected":false},"excerpt":{"rendered":"<p>Suchen Hier finden Sie Antworten auf alle Energie-Fragen Herzlich willkommen auf unserer Website! Nutzen Sie die Suchfunktion, um gezielt nach Informationen zu Photovoltaik- oder Energie-Projekten f\u00fcr Unternehmen zu suchen. Unsere Plattform bietet eine umfassende Sammlung von Beitr\u00e4gen und Seiten, die sich mit verschiedenen Aspekten von PV-Anlagen, Zertifizierungen, ESG-Themen, Energierecht oder E-Mobility befassen. Antworten zu s\u00e4mtlichen [&hellip;]<\/p>\n","protected":false},"author":131,"featured_media":0,"parent":0,"menu_order":0,"comment_status":"closed","ping_status":"closed","template":"","meta":{"_acf_changed":false,"footnotes":""},"class_list":["post-10035","page","type-page","status-publish","hentry"],"acf":[],"yoast_head":"<!-- This site is optimized with the Yoast SEO plugin v27.4 - https:\/\/yoast.com\/product\/yoast-seo-wordpress\/ -->\n<title>Antworten auf alle Energie-Fragen | CUBE CONCEPTS<\/title>\n<meta name=\"description\" content=\"Hier finden Sie Antworten auf alle Energie-Fragen. Durchsuchen Sie unsere Website oder nehmen Sie Kontakt auf.\" \/>\n<meta name=\"robots\" content=\"noindex, nofollow\" \/>\n<meta property=\"og:locale\" content=\"es_ES\" \/>\n<meta property=\"og:type\" content=\"article\" \/>\n<meta property=\"og:title\" content=\"Antworten auf alle Energie-Fragen | CUBE CONCEPTS\" \/>\n<meta property=\"og:description\" content=\"Hier finden Sie Antworten auf alle Energie-Fragen. Durchsuchen Sie unsere Website oder nehmen Sie Kontakt auf.\" \/>\n<meta property=\"og:url\" content=\"https:\/\/cubeconcepts.de\/es\/buscar-en\/\" \/>\n<meta property=\"og:site_name\" content=\"CUBE CONCEPTS\" \/>\n<meta property=\"article:modified_time\" content=\"2024-05-03T09:57:45+00:00\" \/>\n<meta name=\"twitter:card\" content=\"summary_large_image\" \/>\n<meta name=\"twitter:label1\" content=\"Tiempo de lectura\" \/>\n\t<meta name=\"twitter:data1\" content=\"1 minuto\" \/>\n<script type=\"application\/ld+json\" class=\"yoast-schema-graph\">{\"@context\":\"https:\\\/\\\/schema.org\",\"@graph\":[{\"@type\":\"WebPage\",\"@id\":\"https:\\\/\\\/cubeconcepts.de\\\/suchen\\\/\",\"url\":\"https:\\\/\\\/cubeconcepts.de\\\/suchen\\\/\",\"name\":\"Antworten auf alle Energie-Fragen | CUBE CONCEPTS\",\"isPartOf\":{\"@id\":\"https:\\\/\\\/cubeconcepts.de\\\/#website\"},\"datePublished\":\"2023-09-25T10:07:43+00:00\",\"dateModified\":\"2024-05-03T09:57:45+00:00\",\"description\":\"Hier finden Sie Antworten auf alle Energie-Fragen. Durchsuchen Sie unsere Website oder nehmen Sie Kontakt auf.\",\"breadcrumb\":{\"@id\":\"https:\\\/\\\/cubeconcepts.de\\\/suchen\\\/#breadcrumb\"},\"inLanguage\":\"es\",\"potentialAction\":[{\"@type\":\"ReadAction\",\"target\":[\"https:\\\/\\\/cubeconcepts.de\\\/suchen\\\/\"]}]},{\"@type\":\"BreadcrumbList\",\"@id\":\"https:\\\/\\\/cubeconcepts.de\\\/suchen\\\/#breadcrumb\",\"itemListElement\":[{\"@type\":\"ListItem\",\"position\":1,\"name\":\"Startseite\",\"item\":\"https:\\\/\\\/cubeconcepts.de\\\/\"},{\"@type\":\"ListItem\",\"position\":2,\"name\":\"Suchen\"}]},{\"@type\":\"WebSite\",\"@id\":\"https:\\\/\\\/cubeconcepts.de\\\/#website\",\"url\":\"https:\\\/\\\/cubeconcepts.de\\\/\",\"name\":\"CUBE CONCEPTS\",\"description\":\"Ihr PV-Architekt &amp; Full-Service-Partner f\u00fcr\",\"publisher\":{\"@id\":\"https:\\\/\\\/cubeconcepts.de\\\/#organization\"},\"potentialAction\":[{\"@type\":\"SearchAction\",\"target\":{\"@type\":\"EntryPoint\",\"urlTemplate\":\"https:\\\/\\\/cubeconcepts.de\\\/?s={search_term_string}\"},\"query-input\":{\"@type\":\"PropertyValueSpecification\",\"valueRequired\":true,\"valueName\":\"search_term_string\"}}],\"inLanguage\":\"es\"},{\"@type\":\"Organization\",\"@id\":\"https:\\\/\\\/cubeconcepts.de\\\/#organization\",\"name\":\"CUBE CONCEPTS\",\"url\":\"https:\\\/\\\/cubeconcepts.de\\\/\",\"logo\":{\"@type\":\"ImageObject\",\"inLanguage\":\"es\",\"@id\":\"https:\\\/\\\/cubeconcepts.de\\\/#\\\/schema\\\/logo\\\/image\\\/\",\"url\":\"https:\\\/\\\/cubeconcepts.de\\\/wp-content\\\/uploads\\\/2023\\\/01\\\/CUBE_CONCEPT-Logo.png\",\"contentUrl\":\"https:\\\/\\\/cubeconcepts.de\\\/wp-content\\\/uploads\\\/2023\\\/01\\\/CUBE_CONCEPT-Logo.png\",\"width\":644,\"height\":207,\"caption\":\"CUBE CONCEPTS\"},\"image\":{\"@id\":\"https:\\\/\\\/cubeconcepts.de\\\/#\\\/schema\\\/logo\\\/image\\\/\"}}]}<\/script>\n<!-- \/ Yoast SEO plugin. -->","yoast_head_json":{"title":"Respuestas a todas las preguntas sobre energ\u00eda | CUBE CONCEPTS","description":"Aqu\u00ed encontrar\u00e1 respuesta a todas sus preguntas sobre energ\u00eda. Navegue por nuestra web o p\u00f3ngase en contacto con nosotros.","robots":{"index":"noindex","follow":"nofollow"},"og_locale":"es_ES","og_type":"article","og_title":"Antworten auf alle Energie-Fragen | CUBE CONCEPTS","og_description":"Hier finden Sie Antworten auf alle Energie-Fragen. Durchsuchen Sie unsere Website oder nehmen Sie Kontakt auf.","og_url":"https:\/\/cubeconcepts.de\/es\/buscar-en\/","og_site_name":"CUBE CONCEPTS","article_modified_time":"2024-05-03T09:57:45+00:00","twitter_card":"summary_large_image","twitter_misc":{"Tiempo de lectura":"1 minuto"},"schema":{"@context":"https:\/\/schema.org","@graph":[{"@type":"WebPage","@id":"https:\/\/cubeconcepts.de\/suchen\/","url":"https:\/\/cubeconcepts.de\/suchen\/","name":"Respuestas a todas las preguntas sobre energ\u00eda | CUBE CONCEPTS","isPartOf":{"@id":"https:\/\/cubeconcepts.de\/#website"},"datePublished":"2023-09-25T10:07:43+00:00","dateModified":"2024-05-03T09:57:45+00:00","description":"Aqu\u00ed encontrar\u00e1 respuesta a todas sus preguntas sobre energ\u00eda. Navegue por nuestra web o p\u00f3ngase en contacto con nosotros.","breadcrumb":{"@id":"https:\/\/cubeconcepts.de\/suchen\/#breadcrumb"},"inLanguage":"es","potentialAction":[{"@type":"ReadAction","target":["https:\/\/cubeconcepts.de\/suchen\/"]}]},{"@type":"BreadcrumbList","@id":"https:\/\/cubeconcepts.de\/suchen\/#breadcrumb","itemListElement":[{"@type":"ListItem","position":1,"name":"Startseite","item":"https:\/\/cubeconcepts.de\/"},{"@type":"ListItem","position":2,"name":"Suchen"}]},{"@type":"WebSite","@id":"https:\/\/cubeconcepts.de\/#website","url":"https:\/\/cubeconcepts.de\/","name":"CONCEPTOS DE CUBO","description":"Su arquitecto fotovoltaico y socio de servicios integrales para","publisher":{"@id":"https:\/\/cubeconcepts.de\/#organization"},"potentialAction":[{"@type":"SearchAction","target":{"@type":"EntryPoint","urlTemplate":"https:\/\/cubeconcepts.de\/?s={search_term_string}"},"query-input":{"@type":"PropertyValueSpecification","valueRequired":true,"valueName":"search_term_string"}}],"inLanguage":"es"},{"@type":"Organization","@id":"https:\/\/cubeconcepts.de\/#organization","name":"CONCEPTOS DE CUBO","url":"https:\/\/cubeconcepts.de\/","logo":{"@type":"ImageObject","inLanguage":"es","@id":"https:\/\/cubeconcepts.de\/#\/schema\/logo\/image\/","url":"https:\/\/cubeconcepts.de\/wp-content\/uploads\/2023\/01\/CUBE_CONCEPT-Logo.png","contentUrl":"https:\/\/cubeconcepts.de\/wp-content\/uploads\/2023\/01\/CUBE_CONCEPT-Logo.png","width":644,"height":207,"caption":"CUBE CONCEPTS"},"image":{"@id":"https:\/\/cubeconcepts.de\/#\/schema\/logo\/image\/"}}]}},"_links":{"self":[{"href":"https:\/\/cubeconcepts.de\/es\/wp-json\/wp\/v2\/pages\/10035","targetHints":{"allow":["GET"]}}],"collection":[{"href":"https:\/\/cubeconcepts.de\/es\/wp-json\/wp\/v2\/pages"}],"about":[{"href":"https:\/\/cubeconcepts.de\/es\/wp-json\/wp\/v2\/types\/page"}],"author":[{"embeddable":true,"href":"https:\/\/cubeconcepts.de\/es\/wp-json\/wp\/v2\/users\/131"}],"replies":[{"embeddable":true,"href":"https:\/\/cubeconcepts.de\/es\/wp-json\/wp\/v2\/comments?post=10035"}],"version-history":[{"count":0,"href":"https:\/\/cubeconcepts.de\/es\/wp-json\/wp\/v2\/pages\/10035\/revisions"}],"wp:attachment":[{"href":"https:\/\/cubeconcepts.de\/es\/wp-json\/wp\/v2\/media?parent=10035"}],"curies":[{"name":"wp","href":"https:\/\/api.w.org\/{rel}","templated":true}]}}