{"id":2612,"date":"2023-01-24T08:38:00","date_gmt":"2023-01-24T07:38:00","guid":{"rendered":"https:\/\/v2.cubeconcepts.de\/?page_id=2612"},"modified":"2025-09-02T08:33:41","modified_gmt":"2025-09-02T06:33:41","slug":"imprint","status":"publish","type":"page","link":"https:\/\/cubeconcepts.de\/en\/impressum\/","title":{"rendered":"Imprint"},"content":{"rendered":"<div data-elementor-type=\"wp-page\" data-elementor-id=\"2612\" class=\"elementor elementor-2612\" data-elementor-post-type=\"page\">\n\t\t\t\t\t\t<section class=\"elementor-section elementor-top-section elementor-element elementor-element-359df1cb elementor-section-boxed elementor-section-height-default elementor-section-height-default\" data-id=\"359df1cb\" data-element_type=\"section\" data-e-type=\"section\">\n\t\t\t\t\t\t<div class=\"elementor-container elementor-column-gap-default\">\n\t\t\t\t\t<div class=\"elementor-column elementor-col-100 elementor-top-column elementor-element elementor-element-1d656959\" data-id=\"1d656959\" data-element_type=\"column\" data-e-type=\"column\">\n\t\t\t<div class=\"elementor-widget-wrap elementor-element-populated\">\n\t\t\t\t\t\t<div class=\"elementor-element elementor-element-3c7aaa0a elementor-widget elementor-widget-spacer\" data-id=\"3c7aaa0a\" data-element_type=\"widget\" data-e-type=\"widget\" data-widget_type=\"spacer.default\">\n\t\t\t\t<div class=\"elementor-widget-container\">\n\t\t\t\t\t\t\t<div class=\"elementor-spacer\">\n\t\t\t<div class=\"elementor-spacer-inner\"><\/div>\n\t\t<\/div>\n\t\t\t\t\t\t<\/div>\n\t\t\t\t<\/div>\n\t\t\t\t\t<\/div>\n\t\t<\/div>\n\t\t\t\t\t<\/div>\n\t\t<\/section>\n\t\t\t\t<section class=\"elementor-section elementor-top-section elementor-element elementor-element-bbcd3e7 elementor-section-boxed elementor-section-height-default elementor-section-height-default\" data-id=\"bbcd3e7\" data-element_type=\"section\" data-e-type=\"section\">\n\t\t\t\t\t\t<div class=\"elementor-container elementor-column-gap-no\">\n\t\t\t\t\t<div class=\"elementor-column elementor-col-100 elementor-top-column elementor-element elementor-element-6f1e475\" data-id=\"6f1e475\" data-element_type=\"column\" data-e-type=\"column\">\n\t\t\t<div class=\"elementor-widget-wrap elementor-element-populated\">\n\t\t\t\t\t\t<div class=\"elementor-element elementor-element-eb3c857 elementor-widget elementor-widget-html\" data-id=\"eb3c857\" data-element_type=\"widget\" data-e-type=\"widget\" data-widget_type=\"html.default\">\n\t\t\t\t<div class=\"elementor-widget-container\">\n\t\t\t\t\t<h1>Imprint<\/h1>\n\n<h2>Information according to \u00a7 5 TMG<\/h2>\n<p><b>Cube Concepts GmbH - Innovative energy solutions<\/b><br \/>\nAt the G\u00fcmpgesbr\u00fccke 17<br \/>\n41564 Kaarst<\/p>\n\n<p>Commercial register: HRB 21242<br \/>\nRegister court: Neuss Local Court<\/p>\n\n<p><strong>Represented by:<\/strong><br \/>\nChristine Sch\u00e4fer und J\u00fcrgen Brink<\/p>\n<\/p>\n\n\n<h2>Contact us<\/h2>\n<p>Phone: +49 (0) 2131 20522-0<br \/>\nE-mail: info@cubeconcepts.de<\/p>\n\n<h2>Sales tax ID<\/h2>\n<p>Sales tax identification number according to \u00a7 27 a sales tax law:<br \/>\nDE331715713<\/p>\n\n<h2>Information on professional liability insurance<\/h2>\n<p><strong>Name and registered office of the insurer:<\/strong><br \/>\nGeneral agency Geser and Schmid OHG<br \/>\nKaufbeurener Street 22<br \/>\n87616 Marktobersdorf<br \/>\n <br \/>\nAllianz Insurance Company<br \/>\n10900 Berlin<\/p>\n<p><strong>Area of validity of the insurance:<\/strong><br \/>Germany<\/p>\n\n<h2>Editorial responsibility<\/h2>\n<p>Christine Sch\u00e4fer \/ J\u00fcrgen Brink<\/p>\n\n<h2>EU dispute resolution<\/h2>\n<p>The European Commission provides a platform for online dispute resolution (ODR): <a href=\"https:\/\/ec.europa.eu\/consumers\/odr\/\" target=\"_blank\" rel=\"noopener noreferrer\">https:\/\/ec.europa.eu\/consumers\/odr\/<\/a>.<br \/> You can find our e-mail address in the legal notice above.<\/p>\n\n<h2>Consumer dispute resolution\/universal arbitration board<\/h2>\n<p>We are not willing or obliged to participate in dispute resolution proceedings before a consumer arbitration board.<\/p>\t\t\t\t<\/div>\n\t\t\t\t<\/div>\n\t\t\t\t\t<\/div>\n\t\t<\/div>\n\t\t\t\t\t<\/div>\n\t\t<\/section>\n\t\t\t\t<section class=\"elementor-section elementor-top-section elementor-element elementor-element-460f51c2 elementor-section-boxed elementor-section-height-default elementor-section-height-default\" data-id=\"460f51c2\" data-element_type=\"section\" data-e-type=\"section\">\n\t\t\t\t\t\t<div class=\"elementor-container elementor-column-gap-no\">\n\t\t\t\t\t<div class=\"elementor-column elementor-col-100 elementor-top-column elementor-element elementor-element-d506a7c\" data-id=\"d506a7c\" data-element_type=\"column\" data-e-type=\"column\">\n\t\t\t<div class=\"elementor-widget-wrap elementor-element-populated\">\n\t\t\t\t\t\t<div class=\"elementor-element elementor-element-724c1443 elementor-widget elementor-widget-spacer\" data-id=\"724c1443\" data-element_type=\"widget\" data-e-type=\"widget\" data-widget_type=\"spacer.default\">\n\t\t\t\t<div class=\"elementor-widget-container\">\n\t\t\t\t\t\t\t<div class=\"elementor-spacer\">\n\t\t\t<div class=\"elementor-spacer-inner\"><\/div>\n\t\t<\/div>\n\t\t\t\t\t\t<\/div>\n\t\t\t\t<\/div>\n\t\t\t\t<div class=\"elementor-element elementor-element-3c7988f elementor-widget-divider--view-line elementor-widget elementor-widget-divider\" data-id=\"3c7988f\" data-element_type=\"widget\" data-e-type=\"widget\" data-widget_type=\"divider.default\">\n\t\t\t\t<div class=\"elementor-widget-container\">\n\t\t\t\t\t\t\t<div class=\"elementor-divider\">\n\t\t\t<span class=\"elementor-divider-separator\">\n\t\t\t\t\t\t<\/span>\n\t\t<\/div>\n\t\t\t\t\t\t<\/div>\n\t\t\t\t<\/div>\n\t\t\t\t\t<\/div>\n\t\t<\/div>\n\t\t\t\t\t<\/div>\n\t\t<\/section>\n\t\t\t\t<section class=\"elementor-section elementor-top-section elementor-element elementor-element-a5105bc elementor-section-boxed elementor-section-height-default elementor-section-height-default\" data-id=\"a5105bc\" data-element_type=\"section\" data-e-type=\"section\">\n\t\t\t\t\t\t<div class=\"elementor-container elementor-column-gap-no\">\n\t\t\t\t\t<div class=\"elementor-column elementor-col-100 elementor-top-column elementor-element elementor-element-10659f5\" data-id=\"10659f5\" data-element_type=\"column\" data-e-type=\"column\">\n\t\t\t<div class=\"elementor-widget-wrap elementor-element-populated\">\n\t\t\t\t\t\t<div class=\"elementor-element elementor-element-bc67aed elementor-widget elementor-widget-html\" data-id=\"bc67aed\" data-element_type=\"widget\" data-e-type=\"widget\" data-widget_type=\"html.default\">\n\t\t\t\t<div class=\"elementor-widget-container\">\n\t\t\t\t\t<!-- M.Cruz Webdesign -->\n<style>\n    .cruz_logo{\n        margin-top:         40px;\n        height:             65px;\n        width:              auto; \n    }\n    .cruz_font{\n        font-family:        Helvetica, Arial, sans-serif;\n        line-height:        1.2;\n        color:              #1f1f1d;\n    }\n    .cruz_designed-by{\n        display:            block;\n        font-size:          16px;\n        margin-top:         20px;\n        font-weight:        400;\n    }\n    .cruz_mcruz-webdesign{\n        display:            block;\n        font-size:          32px;\n        font-weight:        700;\n        margin-bottom:      10px;\n    }\n    .cruz_visit-on{\n        font-size:          14px;\n        font-weight:        400;\n    }\n    .cruz_link{\n        font-size:          14px;\n        font-weight:        400;\n        text-decoration:    none;\n        color:              #00BFFF;\n    }\n    .cruz_link:link{\n        font-size:          12px;\n        font-weight:        400;\n        text-decoration:    none;\n        color:              #00BFFF;\n    }\n    .cruz_link:hover{\n        color:              #00BFFF;\n        text-decoration:    underline;\n    }\n    .cruz_link:visited{\n        color:              #00BFFF;\n        text-decoration:    none;\n    }\n<\/style>\n\n<a href=\"https:\/\/m-cruz.de\"><img decoding=\"async\" class=\"cruz_logo\" src=\"https:\/\/cubeconcepts.de\/wp-content\/uploads\/2023\/01\/m-cruz_badge.png\"><\/a>\n<span class=\"cruz_designed-by cruz_font\">Designed by<\/span>\n<span class=\"cruz_mcruz-webdesign cruz_font\">M.Cruz Webdesign<\/span>\n<span class=\"cruz_visit-on cruz_font\">visit modern webdesign on: <\/span><a class=\"cruz_link cruz_font\" href=\"https:\/\/m-cruz.de\">m-cruz.de<\/a>\t\t\t\t<\/div>\n\t\t\t\t<\/div>\n\t\t\t\t\t<\/div>\n\t\t<\/div>\n\t\t\t\t\t<\/div>\n\t\t<\/section>\n\t\t\t\t<\/div>","protected":false},"excerpt":{"rendered":"<p>Impressum Angaben gem\u00e4\u00df \u00a7 5 TMG Cube Concepts GmbH &#8211; Innovative Energiel\u00f6sungen An der G\u00fcmpgesbr\u00fccke 17 41564 Kaarst Handelsregister: HRB 21242 Registergericht: Amtsgericht Neuss Vertreten durch: Christine Sch\u00e4fer und J\u00fcrgen Brink Kontakt Telefon: +49 (0) 2131 20522-0 E-Mail: info@cubeconcepts.de Umsatzsteuer-ID Umsatzsteuer-Identifikationsnummer gem\u00e4\u00df \u00a7 27 a Umsatzsteuergesetz: DE331715713 Angaben zur Berufs\u00adhaftpflicht\u00adversicherung Name und Sitz des Versicherers: [&hellip;]<\/p>\n","protected":false},"author":131,"featured_media":0,"parent":0,"menu_order":0,"comment_status":"closed","ping_status":"closed","template":"","meta":{"_acf_changed":false,"footnotes":""},"class_list":["post-2612","page","type-page","status-publish","hentry"],"acf":[],"yoast_head":"<!-- This site is optimized with the Yoast SEO plugin v27.3 - https:\/\/yoast.com\/product\/yoast-seo-wordpress\/ -->\n<title>Impressum | CUBE CONCEPTS<\/title>\n<meta name=\"description\" content=\"Hier finden Sie unser Impressum - Ihr Full-Service Partner f\u00fcr gewerbliche Photovoltaikanlagen &amp; Solarstrom.\" \/>\n<meta name=\"robots\" content=\"noindex, nofollow\" \/>\n<meta property=\"og:locale\" content=\"en_US\" \/>\n<meta property=\"og:type\" content=\"article\" \/>\n<meta property=\"og:title\" content=\"Impressum | CUBE CONCEPTS\" \/>\n<meta property=\"og:description\" content=\"Hier finden Sie unser Impressum - Ihr Full-Service Partner f\u00fcr gewerbliche Photovoltaikanlagen &amp; Solarstrom.\" \/>\n<meta property=\"og:url\" content=\"https:\/\/cubeconcepts.de\/en\/imprint\/\" \/>\n<meta property=\"og:site_name\" content=\"CUBE CONCEPTS\" \/>\n<meta property=\"article:modified_time\" content=\"2025-09-02T06:33:41+00:00\" \/>\n<meta property=\"og:image\" content=\"https:\/\/cubeconcepts.de\/wp-content\/uploads\/2023\/01\/m-cruz_badge.png\" \/>\n<meta name=\"twitter:card\" content=\"summary_large_image\" \/>\n<meta name=\"twitter:label1\" content=\"Est. reading time\" \/>\n\t<meta name=\"twitter:data1\" content=\"1 minute\" \/>\n<script type=\"application\/ld+json\" class=\"yoast-schema-graph\">{\"@context\":\"https:\\\/\\\/schema.org\",\"@graph\":[{\"@type\":\"WebPage\",\"@id\":\"https:\\\/\\\/cubeconcepts.de\\\/impressum\\\/\",\"url\":\"https:\\\/\\\/cubeconcepts.de\\\/impressum\\\/\",\"name\":\"Impressum | CUBE CONCEPTS\",\"isPartOf\":{\"@id\":\"https:\\\/\\\/cubeconcepts.de\\\/#website\"},\"primaryImageOfPage\":{\"@id\":\"https:\\\/\\\/cubeconcepts.de\\\/impressum\\\/#primaryimage\"},\"image\":{\"@id\":\"https:\\\/\\\/cubeconcepts.de\\\/impressum\\\/#primaryimage\"},\"thumbnailUrl\":\"https:\\\/\\\/cubeconcepts.de\\\/wp-content\\\/uploads\\\/2023\\\/01\\\/m-cruz_badge.png\",\"datePublished\":\"2023-01-24T07:38:00+00:00\",\"dateModified\":\"2025-09-02T06:33:41+00:00\",\"description\":\"Hier finden Sie unser Impressum - Ihr Full-Service Partner f\u00fcr gewerbliche Photovoltaikanlagen & Solarstrom.\",\"breadcrumb\":{\"@id\":\"https:\\\/\\\/cubeconcepts.de\\\/impressum\\\/#breadcrumb\"},\"inLanguage\":\"en-US\",\"potentialAction\":[{\"@type\":\"ReadAction\",\"target\":[\"https:\\\/\\\/cubeconcepts.de\\\/impressum\\\/\"]}]},{\"@type\":\"ImageObject\",\"inLanguage\":\"en-US\",\"@id\":\"https:\\\/\\\/cubeconcepts.de\\\/impressum\\\/#primaryimage\",\"url\":\"https:\\\/\\\/cubeconcepts.de\\\/wp-content\\\/uploads\\\/2023\\\/01\\\/m-cruz_badge.png\",\"contentUrl\":\"https:\\\/\\\/cubeconcepts.de\\\/wp-content\\\/uploads\\\/2023\\\/01\\\/m-cruz_badge.png\"},{\"@type\":\"BreadcrumbList\",\"@id\":\"https:\\\/\\\/cubeconcepts.de\\\/impressum\\\/#breadcrumb\",\"itemListElement\":[{\"@type\":\"ListItem\",\"position\":1,\"name\":\"Startseite\",\"item\":\"https:\\\/\\\/cubeconcepts.de\\\/\"},{\"@type\":\"ListItem\",\"position\":2,\"name\":\"Impressum\"}]},{\"@type\":\"WebSite\",\"@id\":\"https:\\\/\\\/cubeconcepts.de\\\/#website\",\"url\":\"https:\\\/\\\/cubeconcepts.de\\\/\",\"name\":\"CUBE CONCEPTS\",\"description\":\"Ihr PV-Architekt &amp; Full-Service-Partner f\u00fcr\",\"publisher\":{\"@id\":\"https:\\\/\\\/cubeconcepts.de\\\/#organization\"},\"potentialAction\":[{\"@type\":\"SearchAction\",\"target\":{\"@type\":\"EntryPoint\",\"urlTemplate\":\"https:\\\/\\\/cubeconcepts.de\\\/?s={search_term_string}\"},\"query-input\":{\"@type\":\"PropertyValueSpecification\",\"valueRequired\":true,\"valueName\":\"search_term_string\"}}],\"inLanguage\":\"en-US\"},{\"@type\":\"Organization\",\"@id\":\"https:\\\/\\\/cubeconcepts.de\\\/#organization\",\"name\":\"CUBE CONCEPTS\",\"url\":\"https:\\\/\\\/cubeconcepts.de\\\/\",\"logo\":{\"@type\":\"ImageObject\",\"inLanguage\":\"en-US\",\"@id\":\"https:\\\/\\\/cubeconcepts.de\\\/#\\\/schema\\\/logo\\\/image\\\/\",\"url\":\"https:\\\/\\\/cubeconcepts.de\\\/wp-content\\\/uploads\\\/2023\\\/01\\\/CUBE_CONCEPT-Logo.png\",\"contentUrl\":\"https:\\\/\\\/cubeconcepts.de\\\/wp-content\\\/uploads\\\/2023\\\/01\\\/CUBE_CONCEPT-Logo.png\",\"width\":644,\"height\":207,\"caption\":\"CUBE CONCEPTS\"},\"image\":{\"@id\":\"https:\\\/\\\/cubeconcepts.de\\\/#\\\/schema\\\/logo\\\/image\\\/\"}}]}<\/script>\n<!-- \/ Yoast SEO plugin. -->","yoast_head_json":{"title":"Imprint | CUBE CONCEPTS","description":"Here you will find our imprint - Your full-service partner for commercial photovoltaic systems &amp; solar power.","robots":{"index":"noindex","follow":"nofollow"},"og_locale":"en_US","og_type":"article","og_title":"Impressum | CUBE CONCEPTS","og_description":"Hier finden Sie unser Impressum - Ihr Full-Service Partner f\u00fcr gewerbliche Photovoltaikanlagen & Solarstrom.","og_url":"https:\/\/cubeconcepts.de\/en\/imprint\/","og_site_name":"CUBE CONCEPTS","article_modified_time":"2025-09-02T06:33:41+00:00","og_image":[{"url":"https:\/\/cubeconcepts.de\/wp-content\/uploads\/2023\/01\/m-cruz_badge.png","type":"","width":"","height":""}],"twitter_card":"summary_large_image","twitter_misc":{"Est. reading time":"1 minute"},"schema":{"@context":"https:\/\/schema.org","@graph":[{"@type":"WebPage","@id":"https:\/\/cubeconcepts.de\/impressum\/","url":"https:\/\/cubeconcepts.de\/impressum\/","name":"Imprint | CUBE CONCEPTS","isPartOf":{"@id":"https:\/\/cubeconcepts.de\/#website"},"primaryImageOfPage":{"@id":"https:\/\/cubeconcepts.de\/impressum\/#primaryimage"},"image":{"@id":"https:\/\/cubeconcepts.de\/impressum\/#primaryimage"},"thumbnailUrl":"https:\/\/cubeconcepts.de\/wp-content\/uploads\/2023\/01\/m-cruz_badge.png","datePublished":"2023-01-24T07:38:00+00:00","dateModified":"2025-09-02T06:33:41+00:00","description":"Here you will find our imprint - Your full-service partner for commercial photovoltaic systems &amp; solar power.","breadcrumb":{"@id":"https:\/\/cubeconcepts.de\/impressum\/#breadcrumb"},"inLanguage":"en-US","potentialAction":[{"@type":"ReadAction","target":["https:\/\/cubeconcepts.de\/impressum\/"]}]},{"@type":"ImageObject","inLanguage":"en-US","@id":"https:\/\/cubeconcepts.de\/impressum\/#primaryimage","url":"https:\/\/cubeconcepts.de\/wp-content\/uploads\/2023\/01\/m-cruz_badge.png","contentUrl":"https:\/\/cubeconcepts.de\/wp-content\/uploads\/2023\/01\/m-cruz_badge.png"},{"@type":"BreadcrumbList","@id":"https:\/\/cubeconcepts.de\/impressum\/#breadcrumb","itemListElement":[{"@type":"ListItem","position":1,"name":"Startseite","item":"https:\/\/cubeconcepts.de\/"},{"@type":"ListItem","position":2,"name":"Impressum"}]},{"@type":"WebSite","@id":"https:\/\/cubeconcepts.de\/#website","url":"https:\/\/cubeconcepts.de\/","name":"CUBE CONCEPTS","description":"Your PV architect &amp; full-service partner for","publisher":{"@id":"https:\/\/cubeconcepts.de\/#organization"},"potentialAction":[{"@type":"SearchAction","target":{"@type":"EntryPoint","urlTemplate":"https:\/\/cubeconcepts.de\/?s={search_term_string}"},"query-input":{"@type":"PropertyValueSpecification","valueRequired":true,"valueName":"search_term_string"}}],"inLanguage":"en-US"},{"@type":"Organization","@id":"https:\/\/cubeconcepts.de\/#organization","name":"CUBE CONCEPTS","url":"https:\/\/cubeconcepts.de\/","logo":{"@type":"ImageObject","inLanguage":"en-US","@id":"https:\/\/cubeconcepts.de\/#\/schema\/logo\/image\/","url":"https:\/\/cubeconcepts.de\/wp-content\/uploads\/2023\/01\/CUBE_CONCEPT-Logo.png","contentUrl":"https:\/\/cubeconcepts.de\/wp-content\/uploads\/2023\/01\/CUBE_CONCEPT-Logo.png","width":644,"height":207,"caption":"CUBE CONCEPTS"},"image":{"@id":"https:\/\/cubeconcepts.de\/#\/schema\/logo\/image\/"}}]}},"_links":{"self":[{"href":"https:\/\/cubeconcepts.de\/en\/wp-json\/wp\/v2\/pages\/2612","targetHints":{"allow":["GET"]}}],"collection":[{"href":"https:\/\/cubeconcepts.de\/en\/wp-json\/wp\/v2\/pages"}],"about":[{"href":"https:\/\/cubeconcepts.de\/en\/wp-json\/wp\/v2\/types\/page"}],"author":[{"embeddable":true,"href":"https:\/\/cubeconcepts.de\/en\/wp-json\/wp\/v2\/users\/131"}],"replies":[{"embeddable":true,"href":"https:\/\/cubeconcepts.de\/en\/wp-json\/wp\/v2\/comments?post=2612"}],"version-history":[{"count":0,"href":"https:\/\/cubeconcepts.de\/en\/wp-json\/wp\/v2\/pages\/2612\/revisions"}],"wp:attachment":[{"href":"https:\/\/cubeconcepts.de\/en\/wp-json\/wp\/v2\/media?parent=2612"}],"curies":[{"name":"wp","href":"https:\/\/api.w.org\/{rel}","templated":true}]}}