{"id":2230,"date":"2023-01-21T11:36:37","date_gmt":"2023-01-21T10:36:37","guid":{"rendered":"https:\/\/v2.cubeconcepts.de\/?page_id=2230"},"modified":"2025-03-21T10:03:39","modified_gmt":"2025-03-21T09:03:39","slug":"callback-service","status":"publish","type":"page","link":"https:\/\/cubeconcepts.de\/en\/unternehmen\/kontakt\/rueckruf-service\/","title":{"rendered":"Callback service"},"content":{"rendered":"\t\t<div data-elementor-type=\"wp-page\" data-elementor-id=\"2230\" class=\"elementor elementor-2230\" data-elementor-post-type=\"page\">\n\t\t\t\t<div class=\"elementor-element elementor-element-ab13d80 e-flex e-con-boxed e-con e-parent\" data-id=\"ab13d80\" data-element_type=\"container\" data-e-type=\"container\" data-settings=\"{&quot;background_background&quot;:&quot;classic&quot;}\">\n\t\t\t\t\t<div class=\"e-con-inner\">\n\t\t<div class=\"elementor-element elementor-element-c8fa987 e-flex e-con-boxed e-con e-child\" data-id=\"c8fa987\" data-element_type=\"container\" data-e-type=\"container\" data-settings=\"{&quot;background_background&quot;:&quot;classic&quot;}\">\n\t\t\t\t\t<div class=\"e-con-inner\">\n\t\t\t\t<div class=\"elementor-element elementor-element-ac5fd19 elementor-widget elementor-widget-heading\" data-id=\"ac5fd19\" data-element_type=\"widget\" data-e-type=\"widget\" data-widget_type=\"heading.default\">\n\t\t\t\t<div class=\"elementor-widget-container\">\n\t\t\t\t\t<h1 class=\"elementor-heading-title elementor-size-default\">R\u00fcckruf-Service einrichten<\/h1>\t\t\t\t<\/div>\n\t\t\t\t<\/div>\n\t\t\t\t<div class=\"elementor-element elementor-element-0c95802 elementor-button-align-stretch elementor-widget elementor-widget-form\" data-id=\"0c95802\" data-element_type=\"widget\" data-e-type=\"widget\" data-settings=\"{&quot;step_next_label&quot;:&quot;N\\u00e4chster&quot;,&quot;step_previous_label&quot;:&quot;Voriger&quot;,&quot;button_width&quot;:&quot;100&quot;,&quot;step_type&quot;:&quot;number_text&quot;,&quot;step_icon_shape&quot;:&quot;circle&quot;}\" data-widget_type=\"form.default\">\n\t\t\t\t<div class=\"elementor-widget-container\">\n\t\t\t\t\t\t\t<form class=\"elementor-form\" method=\"post\" name=\"Projektanfrage\" aria-label=\"Projektanfrage\">\n\t\t\t<input type=\"hidden\" name=\"post_id\" value=\"2230\"\/>\n\t\t\t<input type=\"hidden\" name=\"form_id\" value=\"0c95802\"\/>\n\t\t\t<input type=\"hidden\" name=\"referer_title\" value=\"CUBE CONCEPTS\" \/>\n\n\t\t\t\n\t\t\t<div class=\"elementor-form-fields-wrapper elementor-labels-above\">\n\t\t\t\t\t\t\t\t<div class=\"elementor-field-type-tel elementor-field-group elementor-column elementor-field-group-name elementor-col-100 elementor-field-required\">\n\t\t\t\t\t\t\t\t\t\t\t\t<label for=\"form-field-name\" class=\"elementor-field-label\">\n\t\t\t\t\t\t\t\tR\u00fcckrufnummer\t\t\t\t\t\t\t<\/label>\n\t\t\t\t\t\t\t\t<input size=\"1\" type=\"tel\" name=\"form_fields[name]\" id=\"form-field-name\" class=\"elementor-field elementor-size-sm  elementor-field-textual\" required=\"required\" pattern=\"[0-9()#&amp;+*-=.]+\" title=\"Seuls les caract\u00e8res de num\u00e9ros de t\u00e9l\u00e9phone (#, -, *, etc.) sont accept\u00e9s.\">\n\n\t\t\t\t\t\t<\/div>\n\t\t\t\t\t\t\t\t<div class=\"elementor-field-type-date elementor-field-group elementor-column elementor-field-group-field_7dc305c elementor-col-50\">\n\t\t\t\t\t\t\t\t\t\t\t\t<label for=\"form-field-field_7dc305c\" class=\"elementor-field-label\">\n\t\t\t\t\t\t\t\tDatum ausw\u00e4hlen\t\t\t\t\t\t\t<\/label>\n\t\t\t\t\t\t\n\t\t<input type=\"date\" name=\"form_fields[field_7dc305c]\" id=\"form-field-field_7dc305c\" class=\"elementor-field elementor-size-sm  elementor-field-textual elementor-date-field elementor-use-native\" pattern=\"[0-9]{4}-[0-9]{2}-[0-9]{2}\">\n\t\t\t\t\t\t<\/div>\n\t\t\t\t\t\t\t\t<div class=\"elementor-field-type-time elementor-field-group elementor-column elementor-field-group-field_a69559d elementor-col-50\">\n\t\t\t\t\t\t\t\t\t\t\t\t<label for=\"form-field-field_a69559d\" class=\"elementor-field-label\">\n\t\t\t\t\t\t\t\tUhrzeit\t\t\t\t\t\t\t<\/label>\n\t\t\t\t\t\t\t\t<input type=\"time\" name=\"form_fields[field_a69559d]\" id=\"form-field-field_a69559d\" class=\"elementor-field elementor-size-sm  elementor-field-textual elementor-time-field elementor-use-native\">\n\t\t\t\t\t\t<\/div>\n\t\t\t\t\t\t\t\t<div class=\"elementor-field-type-select elementor-field-group elementor-column elementor-field-group-field_315395b elementor-col-50\">\n\t\t\t\t\t\t\t\t\t\t\t\t<label for=\"form-field-field_315395b\" class=\"elementor-field-label\">\n\t\t\t\t\t\t\t\tAnrede\t\t\t\t\t\t\t<\/label>\n\t\t\t\t\t\t\t\t<div class=\"elementor-field elementor-select-wrapper remove-before \">\n\t\t\t<div class=\"select-caret-down-wrapper\">\n\t\t\t\t<i aria-hidden=\"true\" class=\"eicon-caret-down\"><\/i>\t\t\t<\/div>\n\t\t\t<select name=\"form_fields[field_315395b]\" id=\"form-field-field_315395b\" class=\"elementor-field-textual elementor-size-sm\">\n\t\t\t\t\t\t\t\t\t<option value=\"keine Anrede\">keine Anrede<\/option>\n\t\t\t\t\t\t\t\t\t<option value=\"Herr\">Herr<\/option>\n\t\t\t\t\t\t\t\t\t<option value=\"Frau\">Frau<\/option>\n\t\t\t\t\t\t\t<\/select>\n\t\t<\/div>\n\t\t\t\t\t\t<\/div>\n\t\t\t\t\t\t\t\t<div class=\"elementor-field-type-select elementor-field-group elementor-column elementor-field-group-field_7ab9d8e elementor-col-50\">\n\t\t\t\t\t\t\t\t\t\t\t\t<label for=\"form-field-field_7ab9d8e\" class=\"elementor-field-label\">\n\t\t\t\t\t\t\t\tTitel\t\t\t\t\t\t\t<\/label>\n\t\t\t\t\t\t\t\t<div class=\"elementor-field elementor-select-wrapper remove-before \">\n\t\t\t<div class=\"select-caret-down-wrapper\">\n\t\t\t\t<i aria-hidden=\"true\" class=\"eicon-caret-down\"><\/i>\t\t\t<\/div>\n\t\t\t<select name=\"form_fields[field_7ab9d8e]\" id=\"form-field-field_7ab9d8e\" class=\"elementor-field-textual elementor-size-sm\">\n\t\t\t\t\t\t\t\t\t<option value=\"-\">-<\/option>\n\t\t\t\t\t\t\t\t\t<option value=\"Dr.\">Dr.<\/option>\n\t\t\t\t\t\t\t\t\t<option value=\"Prof.\">Prof.<\/option>\n\t\t\t\t\t\t\t\t\t<option value=\"Prof. Dr.\">Prof. Dr.<\/option>\n\t\t\t\t\t\t\t<\/select>\n\t\t<\/div>\n\t\t\t\t\t\t<\/div>\n\t\t\t\t\t\t\t\t<div class=\"elementor-field-type-text elementor-field-group elementor-column elementor-field-group-field_2a46d06 elementor-col-50 elementor-field-required\">\n\t\t\t\t\t\t\t\t\t\t\t\t<label for=\"form-field-field_2a46d06\" class=\"elementor-field-label\">\n\t\t\t\t\t\t\t\tVorname\t\t\t\t\t\t\t<\/label>\n\t\t\t\t\t\t\t\t\t\t\t\t\t\t<input size=\"1\" type=\"text\" name=\"form_fields[field_2a46d06]\" id=\"form-field-field_2a46d06\" class=\"elementor-field elementor-size-sm  elementor-field-textual\" required=\"required\">\n\t\t\t\t\t\t\t\t\t\t\t<\/div>\n\t\t\t\t\t\t\t\t<div class=\"elementor-field-type-text elementor-field-group elementor-column elementor-field-group-field_384775a elementor-col-50 elementor-field-required\">\n\t\t\t\t\t\t\t\t\t\t\t\t<label for=\"form-field-field_384775a\" class=\"elementor-field-label\">\n\t\t\t\t\t\t\t\tNachname\t\t\t\t\t\t\t<\/label>\n\t\t\t\t\t\t\t\t\t\t\t\t\t\t<input size=\"1\" type=\"text\" name=\"form_fields[field_384775a]\" id=\"form-field-field_384775a\" class=\"elementor-field elementor-size-sm  elementor-field-textual\" required=\"required\">\n\t\t\t\t\t\t\t\t\t\t\t<\/div>\n\t\t\t\t\t\t\t\t<div class=\"elementor-field-type-text elementor-field-group elementor-column elementor-field-group-field_d4aa99a elementor-col-100 elementor-field-required\">\n\t\t\t\t\t\t\t\t\t\t\t\t<label for=\"form-field-field_d4aa99a\" class=\"elementor-field-label\">\n\t\t\t\t\t\t\t\tUnternehmen\t\t\t\t\t\t\t<\/label>\n\t\t\t\t\t\t\t\t\t\t\t\t\t\t<input size=\"1\" type=\"text\" name=\"form_fields[field_d4aa99a]\" id=\"form-field-field_d4aa99a\" class=\"elementor-field elementor-size-sm  elementor-field-textual\" required=\"required\">\n\t\t\t\t\t\t\t\t\t\t\t<\/div>\n\t\t\t\t\t\t\t\t<div class=\"elementor-field-type-acceptance elementor-field-group elementor-column elementor-field-group-field_7486792 elementor-col-100 elementor-field-required\">\n\t\t\t\t\t\t\t\t\t\t\t\t<label for=\"form-field-field_7486792\" class=\"elementor-field-label\">\n\t\t\t\t\t\t\t\tDatenschutz\t\t\t\t\t\t\t<\/label>\n\t\t\t\t\t\t\t\t<div class=\"elementor-field-subgroup\">\n\t\t\t<span class=\"elementor-field-option\">\n\t\t\t\t<input type=\"checkbox\" name=\"form_fields[field_7486792]\" id=\"form-field-field_7486792\" class=\"elementor-field elementor-size-sm  elementor-acceptance-field\" required=\"required\">\n\t\t\t\t<label for=\"form-field-field_7486792\">Ich erkl\u00e4re mich damit einverstanden, dass die Cube Concepts GmbH meine Angaben speichert und zu Beantwortung meiner Anfrage verwenden darf. Weitere Informationen und Widerrufshinweise finden Sie in der <a href=\"https:\/\/cubeconcepts.de\/datenschutzerklaerung\">Datenschutzerkl\u00e4rung<\/a>.<\/label>\t\t\t<\/span>\n\t\t<\/div>\n\t\t\t\t\t\t<\/div>\n\t\t\t\t\t\t\t\t<div class=\"elementor-field-type-text\">\n\t\t\t\t\t<input size=\"1\" type=\"text\" name=\"form_fields[field_dafb8b8]\" id=\"form-field-field_dafb8b8\" class=\"elementor-field elementor-size-sm \" style=\"display:none !important;\">\t\t\t\t<\/div>\n\t\t\t\t\t\t\t\t<div class=\"elementor-field-type-textarea elementor-field-group elementor-column elementor-field-group-field_40154f2 elementor-col-100\">\n\t\t\t\t\t\t\t\t\t\t\t\t<label for=\"form-field-field_40154f2\" class=\"elementor-field-label\">\n\t\t\t\t\t\t\t\tOptionale Anmerkungen\t\t\t\t\t\t\t<\/label>\n\t\t\t\t\t\t<textarea class=\"elementor-field-textual elementor-field  elementor-size-sm\" name=\"form_fields[field_40154f2]\" id=\"form-field-field_40154f2\" rows=\"4\"><\/textarea>\t\t\t\t<\/div>\n\t\t\t\t\t\t\t\t<div class=\"elementor-field-type-text\">\n\t\t\t\t\t<input size=\"1\" type=\"text\" name=\"form_fields[field_5db2a18]\" id=\"form-field-field_5db2a18\" class=\"elementor-field elementor-size-sm \" style=\"display:none !important;\">\t\t\t\t<\/div>\n\t\t\t\t\t\t\t\t<div class=\"elementor-field-group elementor-column elementor-field-type-submit elementor-col-100 e-form__buttons\">\n\t\t\t\t\t<button class=\"elementor-button elementor-size-sm\" type=\"submit\">\n\t\t\t\t\t\t<span class=\"elementor-button-content-wrapper\">\n\t\t\t\t\t\t\t\t\t\t\t\t\t\t\t\t\t\t\t\t\t\t<span class=\"elementor-button-text\">Senden<\/span>\n\t\t\t\t\t\t\t\t\t\t\t\t\t<\/span>\n\t\t\t\t\t<\/button>\n\t\t\t\t<\/div>\n\t\t\t<\/div>\n\t\t<\/form>\n\t\t\t\t\t\t<\/div>\n\t\t\t\t<\/div>\n\t\t\t\t\t<\/div>\n\t\t\t\t<\/div>\n\t\t\t\t\t<\/div>\n\t\t\t\t<\/div>\n\t\t\t\t<section class=\"elementor-section elementor-top-section elementor-element elementor-element-3aba1883 elementor-section-boxed elementor-section-height-default elementor-section-height-default\" data-id=\"3aba1883\" data-element_type=\"section\" data-e-type=\"section\">\n\t\t\t\t\t\t<div class=\"elementor-container elementor-column-gap-default\">\n\t\t\t\t\t<div class=\"elementor-column elementor-col-100 elementor-top-column elementor-element elementor-element-280d3e04\" data-id=\"280d3e04\" data-element_type=\"column\" data-e-type=\"column\">\n\t\t\t<div class=\"elementor-widget-wrap elementor-element-populated\">\n\t\t\t\t\t\t<div class=\"elementor-element elementor-element-1a2cd2f9 elementor-widget elementor-widget-spacer\" data-id=\"1a2cd2f9\" data-element_type=\"widget\" data-e-type=\"widget\" data-widget_type=\"spacer.default\">\n\t\t\t\t<div class=\"elementor-widget-container\">\n\t\t\t\t\t\t\t<div class=\"elementor-spacer\">\n\t\t\t<div class=\"elementor-spacer-inner\"><\/div>\n\t\t<\/div>\n\t\t\t\t\t\t<\/div>\n\t\t\t\t<\/div>\n\t\t\t\t\t<\/div>\n\t\t<\/div>\n\t\t\t\t\t<\/div>\n\t\t<\/section>\n\t\t\t\t<section class=\"elementor-section elementor-top-section elementor-element elementor-element-d5d7f24 elementor-section-boxed elementor-section-height-default elementor-section-height-default\" data-id=\"d5d7f24\" data-element_type=\"section\" data-e-type=\"section\">\n\t\t\t\t\t\t<div class=\"elementor-container elementor-column-gap-no\">\n\t\t\t\t\t<div class=\"elementor-column elementor-col-100 elementor-top-column elementor-element elementor-element-ff73e1c\" data-id=\"ff73e1c\" data-element_type=\"column\" data-e-type=\"column\">\n\t\t\t<div class=\"elementor-widget-wrap elementor-element-populated\">\n\t\t\t\t\t\t<div class=\"elementor-element elementor-element-1f46db07 elementor-widget elementor-widget-heading\" data-id=\"1f46db07\" data-element_type=\"widget\" data-e-type=\"widget\" data-widget_type=\"heading.default\">\n\t\t\t\t<div class=\"elementor-widget-container\">\n\t\t\t\t\t<h2 class=\"elementor-heading-title elementor-size-default\">R\u00fcckruf-Service: Kostenfreie und unverbindliche Beratung f\u00fcr Unternehmen<\/h2>\t\t\t\t<\/div>\n\t\t\t\t<\/div>\n\t\t\t\t\t<\/div>\n\t\t<\/div>\n\t\t\t\t\t<\/div>\n\t\t<\/section>\n\t\t\t\t<section class=\"elementor-section elementor-top-section elementor-element elementor-element-5a1fa586 elementor-section-boxed elementor-section-height-default elementor-section-height-default\" data-id=\"5a1fa586\" data-element_type=\"section\" data-e-type=\"section\">\n\t\t\t\t\t\t<div class=\"elementor-container elementor-column-gap-no\">\n\t\t\t\t\t<div class=\"elementor-column elementor-col-100 elementor-top-column elementor-element elementor-element-77dff510\" data-id=\"77dff510\" data-element_type=\"column\" data-e-type=\"column\">\n\t\t\t<div class=\"elementor-widget-wrap elementor-element-populated\">\n\t\t\t\t\t\t<div class=\"elementor-element elementor-element-783a2d8a elementor-widget elementor-widget-text-editor\" data-id=\"783a2d8a\" data-element_type=\"widget\" data-e-type=\"widget\" data-widget_type=\"text-editor.default\">\n\t\t\t\t<div class=\"elementor-widget-container\">\n\t\t\t\t\t\t\t\t\t<p>F\u00fcr Unternehmen ist es entscheidend, \u00fcber die neuesten Entwicklungen und Technologien im Bereich Photovoltaik und Energie informiert zu bleiben. Unser R\u00fcckruf-Service bietet Unternehmen die M\u00f6glichkeit, sich zu allen relevanten Photovoltaik- und Energiethemen beraten zu lassen \u2013 und das v\u00f6llig kostenfrei und unverbindlich.<\/p><h4>Ihre Vorteile mit unserem R\u00fcckruf-Service<\/h4><ul><li><strong>Fachkundige Beratung<\/strong>: Unsere Experten stehen Ihnen zur Seite und beantworten all Ihre Fragen rund um Photovoltaik, erneuerbare Energien, Energieeffizienz und vieles mehr.<\/li><li><strong>Individuelle L\u00f6sungen<\/strong>: Jedes Unternehmen hat individuelle Bed\u00fcrfnisse. Wir helfen Ihnen, ma\u00dfgeschneiderte L\u00f6sungen zu finden, die perfekt zu Ihrem Unternehmen passen.<\/li><li><strong>Aktuelle Informationen<\/strong>: Bleiben Sie immer auf dem neuesten Stand der Technik und Gesetzgebung. Wir informieren Sie \u00fcber aktuelle Entwicklungen und Trends in der Energiebranche.<\/li><li><strong>Einfache Terminvereinbarung<\/strong>: Vereinbaren Sie einen R\u00fcckruf zu einem Zeitpunkt, der f\u00fcr Sie am besten passt. Unser Service ist flexibel und richtet sich ganz nach Ihren zeitlichen Bed\u00fcrfnissen.<\/li><\/ul><h4>Warum ist unser R\u00fcckruf-Service wichtig f\u00fcr Ihr Unternehmen?<\/h4><ol><li><strong>Kosteneinsparungen<\/strong>: Durch den Einsatz moderner Photovoltaik-Systeme und energieeffizienter Technologien k\u00f6nnen Unternehmen langfristig erhebliche Kosten sparen.<\/li><li><strong>Nachhaltigkeit<\/strong>: Setzen Sie auf erneuerbare Energien und leisten Sie einen wertvollen Beitrag zum Umweltschutz.<\/li><li><strong>Wettbewerbsvorteil<\/strong>: Unternehmen, die auf innovative Energiel\u00f6sungen setzen, sichern sich einen wichtigen Vorsprung im Wettbewerb.<\/li><li><strong>F\u00f6rderm\u00f6glichkeiten<\/strong>: Erfahren Sie alles \u00fcber staatliche F\u00f6rderungen und finanzielle Unterst\u00fctzungen, die Ihr Unternehmen in Anspruch nehmen kann.<\/li><\/ol><h4>So funktioniert unser R\u00fcckruf-Service<\/h4><ol><li><strong>Anfrage stellen<\/strong>: F\u00fcllen Sie unser einfaches Online-Formular aus und geben Sie Ihre Kontaktdaten sowie Ihr gew\u00fcnschtes Beratungsthema an.<\/li><li><strong>Termin vereinbaren<\/strong>: Wir melden uns umgehend bei Ihnen, um einen passenden R\u00fcckruf-Termin zu vereinbaren.<\/li><li><strong>Beratung erhalten<\/strong>: Unsere Experten rufen Sie zum vereinbarten Zeitpunkt an und stehen Ihnen mit Rat und Tat zur Seite.<\/li><\/ol><h4>Kontaktieren Sie uns noch heute!<\/h4><p>Nutzen Sie die Chance und lassen Sie sich von unseren Experten umfassend beraten. Unser R\u00fcckruf-Service ist der erste Schritt zu einer zukunftssicheren und nachhaltigen Energiel\u00f6sung f\u00fcr Ihr Unternehmen. F\u00fcllen Sie jetzt das Formular aus und profitieren Sie von unserer kostenfreien und unverbindlichen Beratung.<\/p>\t\t\t\t\t\t\t\t<\/div>\n\t\t\t\t<\/div>\n\t\t\t\t\t<\/div>\n\t\t<\/div>\n\t\t\t\t\t<\/div>\n\t\t<\/section>\n\t\t\t\t<\/div>\n\t\t","protected":false},"excerpt":{"rendered":"<p>R\u00fcckruf-Service einrichten R\u00fcckruf-Service: Kostenfreie und unverbindliche Beratung f\u00fcr Unternehmen F\u00fcr Unternehmen ist es entscheidend, \u00fcber die neuesten Entwicklungen und Technologien im Bereich Photovoltaik und Energie informiert zu bleiben. Unser R\u00fcckruf-Service bietet Unternehmen die M\u00f6glichkeit, sich zu allen relevanten Photovoltaik- und Energiethemen beraten zu lassen \u2013 und das v\u00f6llig kostenfrei und unverbindlich. Ihre Vorteile mit unserem [&hellip;]<\/p>\n","protected":false},"author":131,"featured_media":0,"parent":733,"menu_order":0,"comment_status":"closed","ping_status":"closed","template":"","meta":{"_acf_changed":false,"footnotes":""},"class_list":["post-2230","page","type-page","status-publish","hentry"],"acf":[],"yoast_head":"<!-- This site is optimized with the Yoast SEO plugin v27.3 - https:\/\/yoast.com\/product\/yoast-seo-wordpress\/ -->\n<title>R\u00fcckruf-Service | CUBE CONCEPTS<\/title>\n<meta name=\"description\" content=\"Unser R\u00fcckruf-Service ber\u00e4t Sie zu allen Photovoltaik- und Energiethemen, die Unternehmen bewegen. Kostenfrei &amp; unverbindlich.\" \/>\n<meta name=\"robots\" content=\"noindex, nofollow\" \/>\n<meta property=\"og:locale\" content=\"en_US\" \/>\n<meta property=\"og:type\" content=\"article\" \/>\n<meta property=\"og:title\" content=\"R\u00fcckruf-Service | CUBE CONCEPTS\" \/>\n<meta property=\"og:description\" content=\"Unser R\u00fcckruf-Service ber\u00e4t Sie zu allen Photovoltaik- und Energiethemen, die Unternehmen bewegen. Kostenfrei &amp; unverbindlich.\" \/>\n<meta property=\"og:url\" content=\"https:\/\/cubeconcepts.de\/en\/company\/contact\/callback-service\/\" \/>\n<meta property=\"og:site_name\" content=\"CUBE CONCEPTS\" \/>\n<meta property=\"article:modified_time\" content=\"2025-03-21T09:03:39+00:00\" \/>\n<meta name=\"twitter:card\" content=\"summary_large_image\" \/>\n<meta name=\"twitter:label1\" content=\"Est. reading time\" \/>\n\t<meta name=\"twitter:data1\" content=\"3 minutes\" \/>\n<script type=\"application\/ld+json\" class=\"yoast-schema-graph\">{\"@context\":\"https:\\\/\\\/schema.org\",\"@graph\":[{\"@type\":\"WebPage\",\"@id\":\"https:\\\/\\\/cubeconcepts.de\\\/unternehmen\\\/kontakt\\\/rueckruf-service\\\/\",\"url\":\"https:\\\/\\\/cubeconcepts.de\\\/unternehmen\\\/kontakt\\\/rueckruf-service\\\/\",\"name\":\"R\u00fcckruf-Service | CUBE CONCEPTS\",\"isPartOf\":{\"@id\":\"https:\\\/\\\/cubeconcepts.de\\\/#website\"},\"datePublished\":\"2023-01-21T10:36:37+00:00\",\"dateModified\":\"2025-03-21T09:03:39+00:00\",\"description\":\"Unser R\u00fcckruf-Service ber\u00e4t Sie zu allen Photovoltaik- und Energiethemen, die Unternehmen bewegen. Kostenfrei & unverbindlich.\",\"breadcrumb\":{\"@id\":\"https:\\\/\\\/cubeconcepts.de\\\/unternehmen\\\/kontakt\\\/rueckruf-service\\\/#breadcrumb\"},\"inLanguage\":\"en-US\",\"potentialAction\":[{\"@type\":\"ReadAction\",\"target\":[\"https:\\\/\\\/cubeconcepts.de\\\/unternehmen\\\/kontakt\\\/rueckruf-service\\\/\"]}]},{\"@type\":\"BreadcrumbList\",\"@id\":\"https:\\\/\\\/cubeconcepts.de\\\/unternehmen\\\/kontakt\\\/rueckruf-service\\\/#breadcrumb\",\"itemListElement\":[{\"@type\":\"ListItem\",\"position\":1,\"name\":\"Startseite\",\"item\":\"https:\\\/\\\/cubeconcepts.de\\\/\"},{\"@type\":\"ListItem\",\"position\":2,\"name\":\"Unternehmen\",\"item\":\"https:\\\/\\\/cubeconcepts.de\\\/unternehmen\\\/\"},{\"@type\":\"ListItem\",\"position\":3,\"name\":\"Kontakt\",\"item\":\"https:\\\/\\\/cubeconcepts.de\\\/unternehmen\\\/kontakt\\\/\"},{\"@type\":\"ListItem\",\"position\":4,\"name\":\"R\u00fcckruf-Service\"}]},{\"@type\":\"WebSite\",\"@id\":\"https:\\\/\\\/cubeconcepts.de\\\/#website\",\"url\":\"https:\\\/\\\/cubeconcepts.de\\\/\",\"name\":\"CUBE CONCEPTS\",\"description\":\"Ihr PV-Architekt &amp; Full-Service-Partner f\u00fcr\",\"publisher\":{\"@id\":\"https:\\\/\\\/cubeconcepts.de\\\/#organization\"},\"potentialAction\":[{\"@type\":\"SearchAction\",\"target\":{\"@type\":\"EntryPoint\",\"urlTemplate\":\"https:\\\/\\\/cubeconcepts.de\\\/?s={search_term_string}\"},\"query-input\":{\"@type\":\"PropertyValueSpecification\",\"valueRequired\":true,\"valueName\":\"search_term_string\"}}],\"inLanguage\":\"en-US\"},{\"@type\":\"Organization\",\"@id\":\"https:\\\/\\\/cubeconcepts.de\\\/#organization\",\"name\":\"CUBE CONCEPTS\",\"url\":\"https:\\\/\\\/cubeconcepts.de\\\/\",\"logo\":{\"@type\":\"ImageObject\",\"inLanguage\":\"en-US\",\"@id\":\"https:\\\/\\\/cubeconcepts.de\\\/#\\\/schema\\\/logo\\\/image\\\/\",\"url\":\"https:\\\/\\\/cubeconcepts.de\\\/wp-content\\\/uploads\\\/2023\\\/01\\\/CUBE_CONCEPT-Logo.png\",\"contentUrl\":\"https:\\\/\\\/cubeconcepts.de\\\/wp-content\\\/uploads\\\/2023\\\/01\\\/CUBE_CONCEPT-Logo.png\",\"width\":644,\"height\":207,\"caption\":\"CUBE CONCEPTS\"},\"image\":{\"@id\":\"https:\\\/\\\/cubeconcepts.de\\\/#\\\/schema\\\/logo\\\/image\\\/\"}}]}<\/script>\n<!-- \/ Yoast SEO plugin. -->","yoast_head_json":{"title":"Callback service | CUBE CONCEPTS","description":"Our callback service advises you on all photovoltaic and energy topics that affect companies. Free of charge &amp; without obligation.","robots":{"index":"noindex","follow":"nofollow"},"og_locale":"en_US","og_type":"article","og_title":"R\u00fcckruf-Service | CUBE CONCEPTS","og_description":"Unser R\u00fcckruf-Service ber\u00e4t Sie zu allen Photovoltaik- und Energiethemen, die Unternehmen bewegen. Kostenfrei & unverbindlich.","og_url":"https:\/\/cubeconcepts.de\/en\/company\/contact\/callback-service\/","og_site_name":"CUBE CONCEPTS","article_modified_time":"2025-03-21T09:03:39+00:00","twitter_card":"summary_large_image","twitter_misc":{"Est. reading time":"3 minutes"},"schema":{"@context":"https:\/\/schema.org","@graph":[{"@type":"WebPage","@id":"https:\/\/cubeconcepts.de\/unternehmen\/kontakt\/rueckruf-service\/","url":"https:\/\/cubeconcepts.de\/unternehmen\/kontakt\/rueckruf-service\/","name":"Callback service | CUBE CONCEPTS","isPartOf":{"@id":"https:\/\/cubeconcepts.de\/#website"},"datePublished":"2023-01-21T10:36:37+00:00","dateModified":"2025-03-21T09:03:39+00:00","description":"Our callback service advises you on all photovoltaic and energy topics that affect companies. Free of charge &amp; without obligation.","breadcrumb":{"@id":"https:\/\/cubeconcepts.de\/unternehmen\/kontakt\/rueckruf-service\/#breadcrumb"},"inLanguage":"en-US","potentialAction":[{"@type":"ReadAction","target":["https:\/\/cubeconcepts.de\/unternehmen\/kontakt\/rueckruf-service\/"]}]},{"@type":"BreadcrumbList","@id":"https:\/\/cubeconcepts.de\/unternehmen\/kontakt\/rueckruf-service\/#breadcrumb","itemListElement":[{"@type":"ListItem","position":1,"name":"Startseite","item":"https:\/\/cubeconcepts.de\/"},{"@type":"ListItem","position":2,"name":"Unternehmen","item":"https:\/\/cubeconcepts.de\/unternehmen\/"},{"@type":"ListItem","position":3,"name":"Kontakt","item":"https:\/\/cubeconcepts.de\/unternehmen\/kontakt\/"},{"@type":"ListItem","position":4,"name":"R\u00fcckruf-Service"}]},{"@type":"WebSite","@id":"https:\/\/cubeconcepts.de\/#website","url":"https:\/\/cubeconcepts.de\/","name":"CUBE CONCEPTS","description":"Your PV architect &amp; full-service partner for","publisher":{"@id":"https:\/\/cubeconcepts.de\/#organization"},"potentialAction":[{"@type":"SearchAction","target":{"@type":"EntryPoint","urlTemplate":"https:\/\/cubeconcepts.de\/?s={search_term_string}"},"query-input":{"@type":"PropertyValueSpecification","valueRequired":true,"valueName":"search_term_string"}}],"inLanguage":"en-US"},{"@type":"Organization","@id":"https:\/\/cubeconcepts.de\/#organization","name":"CUBE CONCEPTS","url":"https:\/\/cubeconcepts.de\/","logo":{"@type":"ImageObject","inLanguage":"en-US","@id":"https:\/\/cubeconcepts.de\/#\/schema\/logo\/image\/","url":"https:\/\/cubeconcepts.de\/wp-content\/uploads\/2023\/01\/CUBE_CONCEPT-Logo.png","contentUrl":"https:\/\/cubeconcepts.de\/wp-content\/uploads\/2023\/01\/CUBE_CONCEPT-Logo.png","width":644,"height":207,"caption":"CUBE CONCEPTS"},"image":{"@id":"https:\/\/cubeconcepts.de\/#\/schema\/logo\/image\/"}}]}},"_links":{"self":[{"href":"https:\/\/cubeconcepts.de\/en\/wp-json\/wp\/v2\/pages\/2230","targetHints":{"allow":["GET"]}}],"collection":[{"href":"https:\/\/cubeconcepts.de\/en\/wp-json\/wp\/v2\/pages"}],"about":[{"href":"https:\/\/cubeconcepts.de\/en\/wp-json\/wp\/v2\/types\/page"}],"author":[{"embeddable":true,"href":"https:\/\/cubeconcepts.de\/en\/wp-json\/wp\/v2\/users\/131"}],"replies":[{"embeddable":true,"href":"https:\/\/cubeconcepts.de\/en\/wp-json\/wp\/v2\/comments?post=2230"}],"version-history":[{"count":0,"href":"https:\/\/cubeconcepts.de\/en\/wp-json\/wp\/v2\/pages\/2230\/revisions"}],"up":[{"embeddable":true,"href":"https:\/\/cubeconcepts.de\/en\/wp-json\/wp\/v2\/pages\/733"}],"wp:attachment":[{"href":"https:\/\/cubeconcepts.de\/en\/wp-json\/wp\/v2\/media?parent=2230"}],"curies":[{"name":"wp","href":"https:\/\/api.w.org\/{rel}","templated":true}]}}