{"id":10035,"date":"2023-09-25T12:07:43","date_gmt":"2023-09-25T10:07:43","guid":{"rendered":"https:\/\/cubeconcepts.de\/?page_id=10035"},"modified":"2024-05-03T11:57:45","modified_gmt":"2024-05-03T09:57:45","slug":"vyhledavani","status":"publish","type":"page","link":"https:\/\/cubeconcepts.de\/cz\/suchen\/","title":{"rendered":"Vyhled\u00e1v\u00e1n\u00ed"},"content":{"rendered":"<div data-elementor-type=\"wp-page\" data-elementor-id=\"10035\" class=\"elementor elementor-10035\" data-elementor-post-type=\"page\">\n\t\t\t\t\t\t<section class=\"elementor-section elementor-top-section elementor-element elementor-element-b75d6b2 elementor-section-boxed elementor-section-height-default elementor-section-height-default elementor-invisible\" data-id=\"b75d6b2\" data-element_type=\"section\" data-e-type=\"section\" data-settings=\"{&quot;animation&quot;:&quot;fadeInUp&quot;}\">\n\t\t\t\t\t\t<div class=\"elementor-container elementor-column-gap-no\">\n\t\t\t\t\t<div class=\"elementor-column elementor-col-100 elementor-top-column elementor-element elementor-element-9d0f025\" data-id=\"9d0f025\" data-element_type=\"column\" data-e-type=\"column\">\n\t\t\t<div class=\"elementor-widget-wrap elementor-element-populated\">\n\t\t\t\t\t\t<div class=\"elementor-element elementor-element-8f6facc elementor-widget elementor-widget-heading\" data-id=\"8f6facc\" data-element_type=\"widget\" data-e-type=\"widget\" data-widget_type=\"heading.default\">\n\t\t\t\t<div class=\"elementor-widget-container\">\n\t\t\t\t\t<h2 class=\"elementor-heading-title elementor-size-default\">Vyhled\u00e1v\u00e1n\u00ed<\/h2>\t\t\t\t<\/div>\n\t\t\t\t<\/div>\n\t\t\t\t<div class=\"elementor-element elementor-element-50a4da7 elementor-search-form--skin-classic elementor-search-form--button-type-icon elementor-search-form--icon-search elementor-widget elementor-widget-search-form\" data-id=\"50a4da7\" data-element_type=\"widget\" data-e-type=\"widget\" data-settings=\"{&quot;skin&quot;:&quot;classic&quot;}\" data-widget_type=\"search-form.default\">\n\t\t\t\t<div class=\"elementor-widget-container\">\n\t\t\t\t\t\t\t<search role=\"search\">\n\t\t\t<form class=\"elementor-search-form\" action=\"https:\/\/cubeconcepts.de\/cz\/\" method=\"get\" data-trp-original-action=\"https:\/\/cubeconcepts.de\/cz\">\n\t\t\t\t\t\t\t\t\t\t\t\t<div class=\"elementor-search-form__container\">\n\t\t\t\t\t<label class=\"elementor-screen-only\" for=\"elementor-search-form-50a4da7\">Search<\/label>\n\n\t\t\t\t\t\n\t\t\t\t\t<input id=\"elementor-search-form-50a4da7\" placeholder=\"Vyhled\u00e1v\u00e1n\u00ed...\" class=\"elementor-search-form__input\" type=\"search\" name=\"s\" value=\"\">\n\t\t\t\t\t\n\t\t\t\t\t\t\t\t\t\t\t<button class=\"elementor-search-form__submit\" type=\"submit\" aria-label=\"Search\">\n\t\t\t\t\t\t\t\t\t\t\t\t\t\t\t<i aria-hidden=\"true\" class=\"fas fa-search\"><\/i>\t\t\t\t\t\t\t\t\t\t\t\t\t<\/button>\n\t\t\t\t\t\n\t\t\t\t\t\t\t\t\t<\/div>\n\t\t\t<input type=\"hidden\" name=\"trp-form-language\" value=\"cz\"\/><\/form>\n\t\t<\/search>\n\t\t\t\t\t\t<\/div>\n\t\t\t\t<\/div>\n\t\t\t\t\t<\/div>\n\t\t<\/div>\n\t\t\t\t\t<\/div>\n\t\t<\/section>\n\t\t\t\t<section class=\"elementor-section elementor-top-section elementor-element elementor-element-59b01948 elementor-section-boxed elementor-section-height-default elementor-section-height-default\" data-id=\"59b01948\" data-element_type=\"section\" data-e-type=\"section\">\n\t\t\t\t\t\t<div class=\"elementor-container elementor-column-gap-no\">\n\t\t\t\t\t<div class=\"elementor-column elementor-col-100 elementor-top-column elementor-element elementor-element-3a65271a\" data-id=\"3a65271a\" data-element_type=\"column\" data-e-type=\"column\">\n\t\t\t<div class=\"elementor-widget-wrap elementor-element-populated\">\n\t\t\t\t\t\t<div class=\"elementor-element elementor-element-3a7d8c63 elementor-widget elementor-widget-heading\" data-id=\"3a7d8c63\" data-element_type=\"widget\" data-e-type=\"widget\" data-widget_type=\"heading.default\">\n\t\t\t\t<div class=\"elementor-widget-container\">\n\t\t\t\t\t<h1 class=\"elementor-heading-title elementor-size-default\">Zde najdete odpov\u011bdi na v\u0161echny sv\u00e9 ot\u00e1zky t\u00fdkaj\u00edc\u00ed se energie<\/h1>\t\t\t\t<\/div>\n\t\t\t\t<\/div>\n\t\t\t\t\t<\/div>\n\t\t<\/div>\n\t\t\t\t\t<\/div>\n\t\t<\/section>\n\t\t\t\t<section class=\"elementor-section elementor-top-section elementor-element elementor-element-2aa895e0 elementor-section-boxed elementor-section-height-default elementor-section-height-default\" data-id=\"2aa895e0\" data-element_type=\"section\" data-e-type=\"section\">\n\t\t\t\t\t\t<div class=\"elementor-container elementor-column-gap-no\">\n\t\t\t\t\t<div class=\"elementor-column elementor-col-100 elementor-top-column elementor-element elementor-element-10d333e\" data-id=\"10d333e\" data-element_type=\"column\" data-e-type=\"column\">\n\t\t\t<div class=\"elementor-widget-wrap elementor-element-populated\">\n\t\t\t\t\t\t<div class=\"elementor-element elementor-element-7706433e elementor-widget elementor-widget-text-editor\" data-id=\"7706433e\" data-element_type=\"widget\" data-e-type=\"widget\" data-widget_type=\"text-editor.default\">\n\t\t\t\t<div class=\"elementor-widget-container\">\n\t\t\t\t\t\t\t\t\t<p><span style=\"color: var( --e-global-color-text );\">V\u00edtejte na na\u0161ich webov\u00fdch str\u00e1nk\u00e1ch! Pomoc\u00ed funkce vyhled\u00e1v\u00e1n\u00ed m\u016f\u017eete vyhledat konkr\u00e9tn\u00ed informace o fotovoltaick\u00fdch nebo energetick\u00fdch projektech pro firmy. Na\u0161e platforma nab\u00edz\u00ed ucelenou sb\u00edrku \u010dl\u00e1nk\u016f a str\u00e1nek, kter\u00e9 se zab\u00fdvaj\u00ed r\u016fzn\u00fdmi aspekty fotovoltaick\u00fdch syst\u00e9m\u016f, certifikac\u00ed, t\u00e9maty ESG, energetick\u00fdm pr\u00e1vem nebo e-mobilitou.<\/span><\/p><p><span style=\"color: var( --e-global-color-text );\"><b>Odpov\u011bdi na v\u0161echny ot\u00e1zky t\u00fdkaj\u00edc\u00ed se energie<\/b><\/span><\/p><p>Pro vyhled\u00e1n\u00ed konkr\u00e9tn\u00edch informac\u00ed zadejte do vyhled\u00e1vac\u00edho pole v\u00fd\u0161e kl\u00ed\u010dov\u00e1 slova jako \"instalace fotovoltaick\u00fdch syst\u00e9m\u016f\", \"sol\u00e1rn\u00ed \u010dl\u00e1nky\", \"optimalizace v\u00fdnos\u016f\" nebo jin\u00e9 relevantn\u00ed v\u00fdrazy. Na\u0161e str\u00e1nky jsou ur\u010deny v\u0161em z\u00e1jemc\u016fm o obnoviteln\u00e9 zdroje energie a fotovoltaick\u00e9 technologie.<\/p><p>Pokud m\u00e1te s vyhled\u00e1v\u00e1n\u00edm jak\u00e9koli pot\u00ed\u017ee nebo pot\u0159ebujete dal\u0161\u00ed pomoc, nev\u00e1hejte n\u00e1s kontaktovat prost\u0159ednictv\u00edm na\u0161eho kontaktn\u00edho formul\u00e1\u0159e. R\u00e1di v\u00e1m pom\u016f\u017eeme naj\u00edt informace, kter\u00e9 hled\u00e1te.<\/p><p>D\u011bkujeme v\u00e1m za n\u00e1v\u0161t\u011bvu a p\u0159ejeme hodn\u011b \u0161t\u011bst\u00ed p\u0159i hled\u00e1n\u00ed informac\u00ed o fotovoltaick\u00fdch syst\u00e9mech!<\/p>\t\t\t\t\t\t\t\t<\/div>\n\t\t\t\t<\/div>\n\t\t\t\t<div class=\"elementor-element elementor-element-6fc0a33 elementor-widget elementor-widget-button\" data-id=\"6fc0a33\" data-element_type=\"widget\" data-e-type=\"widget\" data-widget_type=\"button.default\">\n\t\t\t\t<div class=\"elementor-widget-container\">\n\t\t\t\t\t\t\t\t\t<div class=\"elementor-button-wrapper\">\n\t\t\t\t\t<a class=\"elementor-button elementor-button-link elementor-size-sm\" href=\"https:\/\/cubeconcepts.de\/cz\/spolecnost\/kontakt\/\">\n\t\t\t\t\t\t<span class=\"elementor-button-content-wrapper\">\n\t\t\t\t\t\t\t\t\t<span class=\"elementor-button-text\">Spojte se s n\u00e1mi<\/span>\n\t\t\t\t\t<\/span>\n\t\t\t\t\t<\/a>\n\t\t\t\t<\/div>\n\t\t\t\t\t\t\t\t<\/div>\n\t\t\t\t<\/div>\n\t\t\t\t\t<\/div>\n\t\t<\/div>\n\t\t\t\t\t<\/div>\n\t\t<\/section>\n\t\t\t\t<\/div>","protected":false},"excerpt":{"rendered":"<p>Suchen Hier finden Sie Antworten auf alle Energie-Fragen Herzlich willkommen auf unserer Website! Nutzen Sie die Suchfunktion, um gezielt nach Informationen zu Photovoltaik- oder Energie-Projekten f\u00fcr Unternehmen zu suchen. Unsere Plattform bietet eine umfassende Sammlung von Beitr\u00e4gen und Seiten, die sich mit verschiedenen Aspekten von PV-Anlagen, Zertifizierungen, ESG-Themen, Energierecht oder E-Mobility befassen. Antworten zu s\u00e4mtlichen [&hellip;]<\/p>\n","protected":false},"author":131,"featured_media":0,"parent":0,"menu_order":0,"comment_status":"closed","ping_status":"closed","template":"","meta":{"_acf_changed":false,"footnotes":""},"class_list":["post-10035","page","type-page","status-publish","hentry"],"acf":[],"yoast_head":"<!-- This site is optimized with the Yoast SEO plugin v27.4 - https:\/\/yoast.com\/product\/yoast-seo-wordpress\/ -->\n<title>Antworten auf alle Energie-Fragen | CUBE CONCEPTS<\/title>\n<meta name=\"description\" content=\"Hier finden Sie Antworten auf alle Energie-Fragen. Durchsuchen Sie unsere Website oder nehmen Sie Kontakt auf.\" \/>\n<meta name=\"robots\" content=\"noindex, nofollow\" \/>\n<meta property=\"og:locale\" content=\"cs_CZ\" \/>\n<meta property=\"og:type\" content=\"article\" \/>\n<meta property=\"og:title\" content=\"Antworten auf alle Energie-Fragen | CUBE CONCEPTS\" \/>\n<meta property=\"og:description\" content=\"Hier finden Sie Antworten auf alle Energie-Fragen. Durchsuchen Sie unsere Website oder nehmen Sie Kontakt auf.\" \/>\n<meta property=\"og:url\" content=\"https:\/\/cubeconcepts.de\/cz\/vyhledavani\/\" \/>\n<meta property=\"og:site_name\" content=\"CUBE CONCEPTS\" \/>\n<meta property=\"article:modified_time\" content=\"2024-05-03T09:57:45+00:00\" \/>\n<meta name=\"twitter:card\" content=\"summary_large_image\" \/>\n<meta name=\"twitter:label1\" content=\"Odhadovan\u00e1 doba \u010dten\u00ed\" \/>\n\t<meta name=\"twitter:data1\" content=\"1 minuta\" \/>\n<script type=\"application\/ld+json\" class=\"yoast-schema-graph\">{\"@context\":\"https:\\\/\\\/schema.org\",\"@graph\":[{\"@type\":\"WebPage\",\"@id\":\"https:\\\/\\\/cubeconcepts.de\\\/suchen\\\/\",\"url\":\"https:\\\/\\\/cubeconcepts.de\\\/suchen\\\/\",\"name\":\"Antworten auf alle Energie-Fragen | CUBE CONCEPTS\",\"isPartOf\":{\"@id\":\"https:\\\/\\\/cubeconcepts.de\\\/#website\"},\"datePublished\":\"2023-09-25T10:07:43+00:00\",\"dateModified\":\"2024-05-03T09:57:45+00:00\",\"description\":\"Hier finden Sie Antworten auf alle Energie-Fragen. Durchsuchen Sie unsere Website oder nehmen Sie Kontakt auf.\",\"breadcrumb\":{\"@id\":\"https:\\\/\\\/cubeconcepts.de\\\/suchen\\\/#breadcrumb\"},\"inLanguage\":\"cs\",\"potentialAction\":[{\"@type\":\"ReadAction\",\"target\":[\"https:\\\/\\\/cubeconcepts.de\\\/suchen\\\/\"]}]},{\"@type\":\"BreadcrumbList\",\"@id\":\"https:\\\/\\\/cubeconcepts.de\\\/suchen\\\/#breadcrumb\",\"itemListElement\":[{\"@type\":\"ListItem\",\"position\":1,\"name\":\"Startseite\",\"item\":\"https:\\\/\\\/cubeconcepts.de\\\/\"},{\"@type\":\"ListItem\",\"position\":2,\"name\":\"Suchen\"}]},{\"@type\":\"WebSite\",\"@id\":\"https:\\\/\\\/cubeconcepts.de\\\/#website\",\"url\":\"https:\\\/\\\/cubeconcepts.de\\\/\",\"name\":\"CUBE CONCEPTS\",\"description\":\"Ihr PV-Architekt &amp; Full-Service-Partner f\u00fcr\",\"publisher\":{\"@id\":\"https:\\\/\\\/cubeconcepts.de\\\/#organization\"},\"potentialAction\":[{\"@type\":\"SearchAction\",\"target\":{\"@type\":\"EntryPoint\",\"urlTemplate\":\"https:\\\/\\\/cubeconcepts.de\\\/?s={search_term_string}\"},\"query-input\":{\"@type\":\"PropertyValueSpecification\",\"valueRequired\":true,\"valueName\":\"search_term_string\"}}],\"inLanguage\":\"cs\"},{\"@type\":\"Organization\",\"@id\":\"https:\\\/\\\/cubeconcepts.de\\\/#organization\",\"name\":\"CUBE CONCEPTS\",\"url\":\"https:\\\/\\\/cubeconcepts.de\\\/\",\"logo\":{\"@type\":\"ImageObject\",\"inLanguage\":\"cs\",\"@id\":\"https:\\\/\\\/cubeconcepts.de\\\/#\\\/schema\\\/logo\\\/image\\\/\",\"url\":\"https:\\\/\\\/cubeconcepts.de\\\/wp-content\\\/uploads\\\/2023\\\/01\\\/CUBE_CONCEPT-Logo.png\",\"contentUrl\":\"https:\\\/\\\/cubeconcepts.de\\\/wp-content\\\/uploads\\\/2023\\\/01\\\/CUBE_CONCEPT-Logo.png\",\"width\":644,\"height\":207,\"caption\":\"CUBE CONCEPTS\"},\"image\":{\"@id\":\"https:\\\/\\\/cubeconcepts.de\\\/#\\\/schema\\\/logo\\\/image\\\/\"}}]}<\/script>\n<!-- \/ Yoast SEO plugin. -->","yoast_head_json":{"title":"Odpov\u011bdi na v\u0161echny ot\u00e1zky t\u00fdkaj\u00edc\u00ed se energie | CUBE CONCEPTS","description":"Zde najdete odpov\u011bdi na v\u0161echny sv\u00e9 ot\u00e1zky t\u00fdkaj\u00edc\u00ed se energie. Prohl\u00e9dn\u011bte si na\u0161e webov\u00e9 str\u00e1nky nebo n\u00e1s kontaktujte.","robots":{"index":"noindex","follow":"nofollow"},"og_locale":"cs_CZ","og_type":"article","og_title":"Antworten auf alle Energie-Fragen | CUBE CONCEPTS","og_description":"Hier finden Sie Antworten auf alle Energie-Fragen. Durchsuchen Sie unsere Website oder nehmen Sie Kontakt auf.","og_url":"https:\/\/cubeconcepts.de\/cz\/vyhledavani\/","og_site_name":"CUBE CONCEPTS","article_modified_time":"2024-05-03T09:57:45+00:00","twitter_card":"summary_large_image","twitter_misc":{"Odhadovan\u00e1 doba \u010dten\u00ed":"1 minuta"},"schema":{"@context":"https:\/\/schema.org","@graph":[{"@type":"WebPage","@id":"https:\/\/cubeconcepts.de\/suchen\/","url":"https:\/\/cubeconcepts.de\/suchen\/","name":"Odpov\u011bdi na v\u0161echny ot\u00e1zky t\u00fdkaj\u00edc\u00ed se energie | CUBE CONCEPTS","isPartOf":{"@id":"https:\/\/cubeconcepts.de\/#website"},"datePublished":"2023-09-25T10:07:43+00:00","dateModified":"2024-05-03T09:57:45+00:00","description":"Zde najdete odpov\u011bdi na v\u0161echny sv\u00e9 ot\u00e1zky t\u00fdkaj\u00edc\u00ed se energie. Prohl\u00e9dn\u011bte si na\u0161e webov\u00e9 str\u00e1nky nebo n\u00e1s kontaktujte.","breadcrumb":{"@id":"https:\/\/cubeconcepts.de\/suchen\/#breadcrumb"},"inLanguage":"cs","potentialAction":[{"@type":"ReadAction","target":["https:\/\/cubeconcepts.de\/suchen\/"]}]},{"@type":"BreadcrumbList","@id":"https:\/\/cubeconcepts.de\/suchen\/#breadcrumb","itemListElement":[{"@type":"ListItem","position":1,"name":"Startseite","item":"https:\/\/cubeconcepts.de\/"},{"@type":"ListItem","position":2,"name":"Suchen"}]},{"@type":"WebSite","@id":"https:\/\/cubeconcepts.de\/#website","url":"https:\/\/cubeconcepts.de\/","name":"KONCEPTY KOSTKY","description":"V\u00e1\u0161 fotovoltaick\u00fd architekt a partner pro komplexn\u00ed slu\u017eby v oblasti","publisher":{"@id":"https:\/\/cubeconcepts.de\/#organization"},"potentialAction":[{"@type":"SearchAction","target":{"@type":"EntryPoint","urlTemplate":"https:\/\/cubeconcepts.de\/?s={search_term_string}"},"query-input":{"@type":"PropertyValueSpecification","valueRequired":true,"valueName":"search_term_string"}}],"inLanguage":"cs"},{"@type":"Organization","@id":"https:\/\/cubeconcepts.de\/#organization","name":"KONCEPTY KOSTKY","url":"https:\/\/cubeconcepts.de\/","logo":{"@type":"ImageObject","inLanguage":"cs","@id":"https:\/\/cubeconcepts.de\/#\/schema\/logo\/image\/","url":"https:\/\/cubeconcepts.de\/wp-content\/uploads\/2023\/01\/CUBE_CONCEPT-Logo.png","contentUrl":"https:\/\/cubeconcepts.de\/wp-content\/uploads\/2023\/01\/CUBE_CONCEPT-Logo.png","width":644,"height":207,"caption":"CUBE CONCEPTS"},"image":{"@id":"https:\/\/cubeconcepts.de\/#\/schema\/logo\/image\/"}}]}},"_links":{"self":[{"href":"https:\/\/cubeconcepts.de\/cz\/wp-json\/wp\/v2\/pages\/10035","targetHints":{"allow":["GET"]}}],"collection":[{"href":"https:\/\/cubeconcepts.de\/cz\/wp-json\/wp\/v2\/pages"}],"about":[{"href":"https:\/\/cubeconcepts.de\/cz\/wp-json\/wp\/v2\/types\/page"}],"author":[{"embeddable":true,"href":"https:\/\/cubeconcepts.de\/cz\/wp-json\/wp\/v2\/users\/131"}],"replies":[{"embeddable":true,"href":"https:\/\/cubeconcepts.de\/cz\/wp-json\/wp\/v2\/comments?post=10035"}],"version-history":[{"count":0,"href":"https:\/\/cubeconcepts.de\/cz\/wp-json\/wp\/v2\/pages\/10035\/revisions"}],"wp:attachment":[{"href":"https:\/\/cubeconcepts.de\/cz\/wp-json\/wp\/v2\/media?parent=10035"}],"curies":[{"name":"wp","href":"https:\/\/api.w.org\/{rel}","templated":true}]}}